{"id":1560,"date":"2023-04-07T17:01:21","date_gmt":"2023-04-07T17:01:21","guid":{"rendered":"https:\/\/www.ibericainsurance.com\/?page_id=1560"},"modified":"2023-04-07T17:04:55","modified_gmt":"2023-04-07T17:04:55","slug":"bedingungen-und-konditionen","status":"publish","type":"page","link":"https:\/\/www.ibericainsurance.com\/de\/terms-and-conditions\/","title":{"rendered":"Bedingungen und Konditionen"},"content":{"rendered":"<p>Durch den Zugriff auf diese Website erkl\u00e4ren Sie sich mit den vorliegenden Nutzungsbedingungen f\u00fcr die Website sowie mit allen geltenden Gesetzen und Vorschriften einverstanden und stimmen zu, dass Sie f\u00fcr die Einhaltung aller geltenden lokalen Gesetze verantwortlich sind.<\/p>\n\n\n\n<p>Wenn Sie mit einer dieser Bedingungen nicht einverstanden sind, d\u00fcrfen Sie diese Website nicht nutzen oder darauf zugreifen. Die auf dieser Website enthaltenen Materialien sind urheber- und markenrechtlich gesch\u00fctzt.<\/p>\n\n\n\n<h2 class=\"wp-block-heading\">Lizenz<\/h2>\n\n\n\n<p>Es wird die Erlaubnis erteilt, eine Kopie der Materialien (Informationen oder Software) auf der Website von Ibericainsurance.com f\u00fcr den pers\u00f6nlichen, nicht-kommerziellen Gebrauch vor\u00fcbergehend herunterzuladen. Dies ist die Gew\u00e4hrung einer Lizenz, nicht eine \u00dcbertragung des Eigentums, und unter dieser Lizenz d\u00fcrfen Sie nicht:<\/p>\n\n\n\n<h2 class=\"wp-block-heading\">die Materialien zu ver\u00e4ndern oder zu kopieren;<\/h2>\n\n\n\n<p>das Material f\u00fcr kommerzielle Zwecke oder f\u00fcr eine \u00f6ffentliche Darstellung (kommerziell oder nicht kommerziell) zu verwenden;<\/p>\n\n\n\n<p>zu versuchen, die auf der Website Contenedorespro.com enthaltene Software zu dekompilieren oder zur\u00fcckzuentwickeln<\/p>\n\n\n\n<p>Urheberrechts- oder andere Eigentumsvermerke aus dem Material zu entfernen; oder<\/p>\n\n\n\n<p>das Material an eine andere Person weiterzugeben oder auf einem anderen Server zu \"spiegeln\".<\/p>\n\n\n\n<p>Diese Lizenz erlischt automatisch, wenn Sie eine dieser Einschr\u00e4nkungen verletzen, und kann von Ibericainsurance.com jederzeit gek\u00fcndigt werden. Nach Beendigung der Betrachtung dieser Materialien oder nach Beendigung dieser Lizenz m\u00fcssen Sie alle heruntergeladenen Materialien in Ihrem Besitz, ob in elektronischem oder gedrucktem Format, vernichten.<\/p>\n\n\n\n<h2 class=\"wp-block-heading\">Haftungsausschluss<\/h2>\n\n\n\n<p>Die Materialien auf der Website von Ibericainsurance.com werden \"wie besehen\" zur Verf\u00fcgung gestellt. Ibericainsurance.com gibt keine ausdr\u00fccklichen oder stillschweigenden Garantien und lehnt hiermit alle anderen Garantien ab, einschlie\u00dflich, aber nicht beschr\u00e4nkt auf, stillschweigende Garantien oder Bedingungen der Marktg\u00e4ngigkeit, der Eignung f\u00fcr einen bestimmten Zweck oder der Nichtverletzung von geistigem Eigentum. oder anderer Rechtsverletzungen. Dar\u00fcber hinaus \u00fcbernimmt Ibericainsurance.com keine Gew\u00e4hr f\u00fcr die Richtigkeit, die wahrscheinlichen Ergebnisse oder die Verl\u00e4sslichkeit der Nutzung der Materialien auf oder in Bezug auf die Materialien auf seiner Internet-Website oder auf anderen Websites, die mit dieser Website verlinkt sind, und gibt auch keine Zusicherungen ab.<\/p>\n\n\n\n<h2 class=\"wp-block-heading\">Einschr\u00e4nkungen<\/h2>\n\n\n\n<p>In keinem Fall haften Ibericainsurance.com oder seine Zulieferer f\u00fcr Sch\u00e4den (einschlie\u00dflich, aber nicht beschr\u00e4nkt auf Sch\u00e4den durch Daten- oder Gewinnverluste oder Gesch\u00e4ftsunterbrechungen), die sich aus der Nutzung oder der Unm\u00f6glichkeit der Nutzung des Internetmaterials der Ibericainsurance.com-Website ergeben, selbst wenn Ibericainsurance.com oder ein autorisierter Vertreter von Ibericainsurance.com m\u00fcndlich oder schriftlich \u00fcber die M\u00f6glichkeit eines solchen Schadens informiert wurde. Da einige Gerichtsbarkeiten keine Beschr\u00e4nkungen von stillschweigenden Garantien oder Haftungsbeschr\u00e4nkungen f\u00fcr Folgesch\u00e4den oder zuf\u00e4llige Sch\u00e4den zulassen, gelten diese Beschr\u00e4nkungen m\u00f6glicherweise nicht f\u00fcr Sie.<\/p>\n\n\n\n<h2 class=\"wp-block-heading\">\u00dcberarbeitungen und Errata<\/h2>\n\n\n\n<p>Das Material auf der Website von Ibericainsurance.com kann technische, typografische oder fotografische Fehler enthalten. Ibericainsurance.com \u00fcbernimmt keine Gew\u00e4hr f\u00fcr die Richtigkeit, Vollst\u00e4ndigkeit und Aktualit\u00e4t der auf der Website enthaltenen Informationen. Ibericainsurance.com beh\u00e4lt sich das Recht vor, jederzeit und ohne Vorank\u00fcndigung \u00c4nderungen an den auf der Website enthaltenen Materialien vorzunehmen. ibericainsurance.com \u00fcbernimmt jedoch keine Verpflichtung zur Aktualisierung der Materialien.<\/p>\n\n\n\n<h2 class=\"wp-block-heading\">Links<\/h2>\n\n\n\n<p>Ibericainsurance.com hat nicht alle mit ihrer Website verkn\u00fcpften Websites \u00fcberpr\u00fcft und ist nicht f\u00fcr den Inhalt dieser verlinkten Websites verantwortlich. Die Aufnahme eines Links bedeutet nicht, dass Ibericainsurance.com die betreffende Website billigt. Die Nutzung einer verlinkten Website erfolgt auf eigenes Risiko.<\/p>\n\n\n\n<h2 class=\"wp-block-heading\">\u00c4nderungen der Nutzungsbedingungen f\u00fcr die Website<\/h2>\n\n\n\n<p>Ibericainsurance.com kann diese Nutzungsbedingungen f\u00fcr seine Website jederzeit und ohne Vorank\u00fcndigung \u00fcberarbeiten. Durch die Nutzung dieser Website erkl\u00e4ren Sie sich mit der aktuellen Version dieser Nutzungsbedingungen einverstanden.<\/p>\n\n\n\n<h2 class=\"wp-block-heading\">geltendes Recht<\/h2>\n\n\n\n<p>Alle Anspr\u00fcche im Zusammenhang mit der Ibericainsurance.com-Website unterliegen den Gesetzen des Staates Ibericainsurance.com unter Ausschluss der Bestimmungen des Kollisionsrechts.<\/p>","protected":false},"excerpt":{"rendered":"<p>Durch den Zugriff auf diese Website erkl\u00e4ren Sie sich mit diesen Nutzungsbedingungen f\u00fcr die Website sowie mit allen geltenden Gesetzen und Vorschriften einverstanden und stimmen zu, dass Sie f\u00fcr die Einhaltung aller geltenden lokalen Gesetze verantwortlich sind. Wenn Sie einer dieser Bedingungen nicht zustimmen, ist es Ihnen untersagt, diese Website zu nutzen oder darauf zuzugreifen. Die ... <a title=\"Bedingungen und Konditionen\" class=\"read-more\" href=\"https:\/\/www.ibericainsurance.com\/de\/terms-and-conditions\/\" aria-label=\"Mehr Informationen \u00fcber Allgemeine Gesch\u00e4ftsbedingungen\">Mehr lesen<\/a><\/p>","protected":false},"author":1,"featured_media":0,"parent":0,"menu_order":0,"comment_status":"closed","ping_status":"closed","template":"","meta":{"inline_featured_image":false,"footnotes":""},"class_list":["post-1560","page","type-page","status-publish"],"yoast_head":"<!-- This site is optimized with the Yoast SEO plugin v27.2 - https:\/\/yoast.com\/product\/yoast-seo-wordpress\/ -->\n<title>Terms and Conditions - IbericaInsurance<\/title>\n<meta name=\"robots\" content=\"noindex, nofollow\" \/>\n<meta property=\"og:locale\" content=\"de_DE\" \/>\n<meta property=\"og:type\" content=\"article\" \/>\n<meta property=\"og:title\" content=\"Terms and Conditions - IbericaInsurance\" \/>\n<meta property=\"og:description\" content=\"By accessing this website, you agree to be bound by these Website Terms and Conditions of Use, all applicable laws and regulations, and agree that you are responsible for compliance with any applicable local laws. If you do not agree to any of these terms, you are prohibited from using or accessing this site. The ... Read more\" \/>\n<meta property=\"og:url\" content=\"https:\/\/www.ibericainsurance.com\/de\/bedingungen-und-konditionen\/\" \/>\n<meta property=\"og:site_name\" content=\"IbericaInsurance\" \/>\n<meta property=\"article:modified_time\" content=\"2023-04-07T17:04:55+00:00\" \/>\n<meta name=\"twitter:card\" content=\"summary_large_image\" \/>\n<meta name=\"twitter:label1\" content=\"Gesch\u00e4tzte Lesezeit\" \/>\n\t<meta name=\"twitter:data1\" content=\"3\u00a0Minuten\" \/>\n<script type=\"application\/ld+json\" class=\"yoast-schema-graph\">{\"@context\":\"https:\/\/schema.org\",\"@graph\":[{\"@type\":\"WebPage\",\"@id\":\"https:\/\/www.ibericainsurance.com\/terms-and-conditions\/\",\"url\":\"https:\/\/www.ibericainsurance.com\/terms-and-conditions\/\",\"name\":\"Terms and Conditions - IbericaInsurance\",\"isPartOf\":{\"@id\":\"https:\/\/www.ibericainsurance.com\/#website\"},\"datePublished\":\"2023-04-07T17:01:21+00:00\",\"dateModified\":\"2023-04-07T17:04:55+00:00\",\"breadcrumb\":{\"@id\":\"https:\/\/www.ibericainsurance.com\/terms-and-conditions\/#breadcrumb\"},\"inLanguage\":\"de\",\"potentialAction\":[{\"@type\":\"ReadAction\",\"target\":[\"https:\/\/www.ibericainsurance.com\/terms-and-conditions\/\"]}]},{\"@type\":\"BreadcrumbList\",\"@id\":\"https:\/\/www.ibericainsurance.com\/terms-and-conditions\/#breadcrumb\",\"itemListElement\":[{\"@type\":\"ListItem\",\"position\":1,\"name\":\"Home\",\"item\":\"https:\/\/www.ibericainsurance.com\/\"},{\"@type\":\"ListItem\",\"position\":2,\"name\":\"Terms and Conditions\"}]},{\"@type\":\"WebSite\",\"@id\":\"https:\/\/www.ibericainsurance.com\/#website\",\"url\":\"https:\/\/www.ibericainsurance.com\/\",\"name\":\"IbericaInsurance\",\"description\":\"Your Insurance in Spain\",\"publisher\":{\"@id\":\"https:\/\/www.ibericainsurance.com\/#organization\"},\"potentialAction\":[{\"@type\":\"SearchAction\",\"target\":{\"@type\":\"EntryPoint\",\"urlTemplate\":\"https:\/\/www.ibericainsurance.com\/?s={search_term_string}\"},\"query-input\":{\"@type\":\"PropertyValueSpecification\",\"valueRequired\":true,\"valueName\":\"search_term_string\"}}],\"inLanguage\":\"de\"},{\"@type\":\"Organization\",\"@id\":\"https:\/\/www.ibericainsurance.com\/#organization\",\"name\":\"IbericaInsurance\",\"url\":\"https:\/\/www.ibericainsurance.com\/\",\"logo\":{\"@type\":\"ImageObject\",\"inLanguage\":\"de\",\"@id\":\"https:\/\/www.ibericainsurance.com\/#\/schema\/logo\/image\/\",\"url\":\"https:\/\/www.ibericainsurance.com\/wp-content\/uploads\/ib.png\",\"contentUrl\":\"https:\/\/www.ibericainsurance.com\/wp-content\/uploads\/ib.png\",\"width\":512,\"height\":512,\"caption\":\"IbericaInsurance\"},\"image\":{\"@id\":\"https:\/\/www.ibericainsurance.com\/#\/schema\/logo\/image\/\"}}]}<\/script>\n<!-- \/ Yoast SEO plugin. -->","yoast_head_json":{"title":"Bedingungen und Konditionen - IbericaInsurance","robots":{"index":"noindex","follow":"nofollow"},"og_locale":"de_DE","og_type":"article","og_title":"Terms and Conditions - IbericaInsurance","og_description":"By accessing this website, you agree to be bound by these Website Terms and Conditions of Use, all applicable laws and regulations, and agree that you are responsible for compliance with any applicable local laws. If you do not agree to any of these terms, you are prohibited from using or accessing this site. The ... Read more","og_url":"https:\/\/www.ibericainsurance.com\/de\/bedingungen-und-konditionen\/","og_site_name":"IbericaInsurance","article_modified_time":"2023-04-07T17:04:55+00:00","twitter_card":"summary_large_image","twitter_misc":{"Gesch\u00e4tzte Lesezeit":"3\u00a0Minuten"},"schema":{"@context":"https:\/\/schema.org","@graph":[{"@type":"WebPage","@id":"https:\/\/www.ibericainsurance.com\/terms-and-conditions\/","url":"https:\/\/www.ibericainsurance.com\/terms-and-conditions\/","name":"Bedingungen und Konditionen - IbericaInsurance","isPartOf":{"@id":"https:\/\/www.ibericainsurance.com\/#website"},"datePublished":"2023-04-07T17:01:21+00:00","dateModified":"2023-04-07T17:04:55+00:00","breadcrumb":{"@id":"https:\/\/www.ibericainsurance.com\/terms-and-conditions\/#breadcrumb"},"inLanguage":"de","potentialAction":[{"@type":"ReadAction","target":["https:\/\/www.ibericainsurance.com\/terms-and-conditions\/"]}]},{"@type":"BreadcrumbList","@id":"https:\/\/www.ibericainsurance.com\/terms-and-conditions\/#breadcrumb","itemListElement":[{"@type":"ListItem","position":1,"name":"Home","item":"https:\/\/www.ibericainsurance.com\/"},{"@type":"ListItem","position":2,"name":"Terms and Conditions"}]},{"@type":"WebSite","@id":"https:\/\/www.ibericainsurance.com\/#website","url":"https:\/\/www.ibericainsurance.com\/","name":"IbericaVersicherung","description":"Ihre Versicherung in Spanien","publisher":{"@id":"https:\/\/www.ibericainsurance.com\/#organization"},"potentialAction":[{"@type":"SearchAction","target":{"@type":"EntryPoint","urlTemplate":"https:\/\/www.ibericainsurance.com\/?s={search_term_string}"},"query-input":{"@type":"PropertyValueSpecification","valueRequired":true,"valueName":"search_term_string"}}],"inLanguage":"de"},{"@type":"Organization","@id":"https:\/\/www.ibericainsurance.com\/#organization","name":"IbericaVersicherung","url":"https:\/\/www.ibericainsurance.com\/","logo":{"@type":"ImageObject","inLanguage":"de","@id":"https:\/\/www.ibericainsurance.com\/#\/schema\/logo\/image\/","url":"https:\/\/www.ibericainsurance.com\/wp-content\/uploads\/ib.png","contentUrl":"https:\/\/www.ibericainsurance.com\/wp-content\/uploads\/ib.png","width":512,"height":512,"caption":"IbericaInsurance"},"image":{"@id":"https:\/\/www.ibericainsurance.com\/#\/schema\/logo\/image\/"}}]}},"_links":{"self":[{"href":"https:\/\/www.ibericainsurance.com\/de\/wp-json\/wp\/v2\/pages\/1560","targetHints":{"allow":["GET"]}}],"collection":[{"href":"https:\/\/www.ibericainsurance.com\/de\/wp-json\/wp\/v2\/pages"}],"about":[{"href":"https:\/\/www.ibericainsurance.com\/de\/wp-json\/wp\/v2\/types\/page"}],"author":[{"embeddable":true,"href":"https:\/\/www.ibericainsurance.com\/de\/wp-json\/wp\/v2\/users\/1"}],"replies":[{"embeddable":true,"href":"https:\/\/www.ibericainsurance.com\/de\/wp-json\/wp\/v2\/comments?post=1560"}],"version-history":[{"count":2,"href":"https:\/\/www.ibericainsurance.com\/de\/wp-json\/wp\/v2\/pages\/1560\/revisions"}],"predecessor-version":[{"id":1565,"href":"https:\/\/www.ibericainsurance.com\/de\/wp-json\/wp\/v2\/pages\/1560\/revisions\/1565"}],"wp:attachment":[{"href":"https:\/\/www.ibericainsurance.com\/de\/wp-json\/wp\/v2\/media?parent=1560"}],"curies":[{"name":"wp","href":"https:\/\/api.w.org\/{rel}","templated":true}]}}