{"id":1562,"date":"2023-04-07T17:02:12","date_gmt":"2023-04-07T17:02:12","guid":{"rendered":"https:\/\/www.ibericainsurance.com\/?page_id=1562"},"modified":"2023-04-07T17:06:18","modified_gmt":"2023-04-07T17:06:18","slug":"datenschutz-und-cookie-richtlinie","status":"publish","type":"page","link":"https:\/\/www.ibericainsurance.com\/de\/privacy-and-cookie-policy\/","title":{"rendered":"Datenschutz und Cookie-Richtlinie"},"content":{"rendered":"<p>Datenschutz und Cookie-Richtlinie<\/p>\n\n\n\n<p>Wie viele andere Websites verwendet auch diese Website Protokolldateien. Diese Dateien protokollieren lediglich die Besucher der Website, was in der Regel ein Standardverfahren f\u00fcr Hosting-Unternehmen und ein Teil der Analysefunktionen von Hosting-Diensten ist. Zu den Informationen in den Protokolldateien geh\u00f6ren Internetprotokolladressen (IP), Browsertyp, Internetdienstanbieter (ISP), Datums- und Zeitstempel, Verweis- und Ausgangsseiten und m\u00f6glicherweise die Anzahl der Klicks. Diese Informationen werden verwendet, um Trends zu analysieren, die Website zu verwalten, die Bewegungen der Benutzer auf der Website zu verfolgen und demografische Informationen zu sammeln. IP-Adressen und \u00e4hnliche Informationen werden nicht mit Informationen verkn\u00fcpft, die eine pers\u00f6nliche Identifizierung erm\u00f6glichen.<\/p>\n\n\n\n<p>Cookies und Webbeacons<br>Wir verwenden Cookies, um Informationen \u00fcber die Pr\u00e4ferenzen der Besucher zu speichern, um benutzerspezifische Informationen dar\u00fcber aufzuzeichnen, welche Seiten der Besucher aufruft oder besucht, und um den Inhalt unserer Webseiten auf der Grundlage des Browsertyps des Besuchers oder anderer Informationen, die der Besucher \u00fcber seinen Browser sendet, zu personalisieren oder zu personalisieren.<\/p>\n\n\n\n<p>DoubleClick-DART-Cookie<br>\u2192 Google als Drittanbieter verwendet Cookies, um Anzeigen zu schalten.<br>\u2192 Die Verwendung des DART-Cookies durch Google erm\u00f6glicht die Schaltung von Anzeigen f\u00fcr Besucher unserer Website auf der Grundlage ihrer Besuche und anderer Websites im Internet.<br>\u2192 Die Nutzer k\u00f6nnen die Verwendung des DART-Cookies deaktivieren, indem sie die Datenschutzbestimmungen des Google-Anzeigen- und Content-Netzwerks unter folgender URL aufrufen: http:\/\/www.google.com\/privacy_ads.html<\/p>\n\n\n\n<p>Unsere Werbepartner<br>Einige unserer Werbepartner k\u00f6nnen Cookies und Web Beacons auf unserer Website verwenden. Zu unseren Werbepartnern geh\u00f6ren .......<br>Google<br>Amazon<br>Obwohl jeder dieser Werbepartner seine eigene Datenschutzrichtlinie f\u00fcr seine Website hat, wird hier eine aktuelle und verlinkte Ressource unterhalten: Datenschutzrichtlinien.<br>In dieser Liste finden Sie die Datenschutzbestimmungen der einzelnen Werbepartner dieser Website.<\/p>\n\n\n\n<p>Diese Werbeserver oder Werbenetzwerke Dritter verwenden die Technologie in ihren jeweiligen Anzeigen und Links, die auf dieser Website erscheinen und direkt an Ihren Browser \u00fcbermittelt werden. Sie erhalten automatisch Ihre IP-Adresse, wenn dies geschieht. Drittanbieter-Werbenetzwerke auf unserer Website k\u00f6nnen auch andere Technologien (wie Cookies, JavaScript oder Web Beacons) verwenden, um die Wirksamkeit ihrer Werbekampagnen zu messen und\/oder die Werbeinhalte, die Sie auf der Website sehen, zu personalisieren.<\/p>\n\n\n\n<p>Wir haben keinen Zugang zu oder Kontrolle \u00fcber diese Cookies, die von Drittanbietern verwendet werden.<\/p>\n\n\n\n<p>Datenschutzrichtlinien von Dritten<br>Sie sollten die jeweiligen Datenschutzrichtlinien dieser Drittanbieter-Anzeigenserver konsultieren, um genauere Informationen \u00fcber deren Praktiken zu erhalten und um zu erfahren, wie Sie bestimmte Praktiken unterbinden k\u00f6nnen.<\/p>\n\n\n\n<p>Die Datenschutzrichtlinien gelten nicht f\u00fcr andere Werbetreibende oder Websites, und wir k\u00f6nnen deren Aktivit\u00e4ten nicht kontrollieren. Eine vollst\u00e4ndige Liste dieser Datenschutzrichtlinien und ihrer Links finden Sie hier: Links zur Datenschutzrichtlinie.<\/p>\n\n\n\n<p>Wenn Sie Cookies deaktivieren m\u00f6chten, k\u00f6nnen Sie dies \u00fcber Ihre individuellen Browseroptionen tun. Ausf\u00fchrlichere Informationen \u00fcber die Verwaltung von Cookies mit bestimmten Webbrowsern finden Sie auf den jeweiligen Websites der Browser. Was sind Cookies?<\/p>\n\n\n\n<p>Kinderinformationen<br>Wir glauben, dass es wichtig ist, Kinder online zus\u00e4tzlich zu sch\u00fctzen. Wir ermutigen Eltern und Erziehungsberechtigte, Zeit mit ihren Kindern online zu verbringen, um deren Online-Aktivit\u00e4ten zu beobachten, daran teilzunehmen und\/oder sie zu \u00fcberwachen und anzuleiten.<\/p>\n\n\n\n<p>Wir sammeln nicht wissentlich personenbezogene Daten von Kindern unter 13 Jahren. Wenn ein Elternteil oder ein Erziehungsberechtigter der Meinung ist, dass sich in seiner Datenbank personenbezogene Daten eines Kindes unter 13 Jahren befinden, setzen Sie sich bitte unverz\u00fcglich mit uns in Verbindung (unter Verwendung der Kontaktadresse im ersten Absatz), und wir werden uns nach besten Kr\u00e4ften bem\u00fchen, diese Daten umgehend aus unseren Unterlagen zu entfernen.<\/p>\n\n\n\n<p>Nur Online-Datenschutzerkl\u00e4rung<br>Diese Datenschutzrichtlinie gilt nur f\u00fcr unsere Online-Aktivit\u00e4ten und f\u00fcr die Besucher unserer Website sowie f\u00fcr die dort geteilten und\/oder gesammelten Informationen. Diese Richtlinie gilt nicht f\u00fcr Informationen, die offline oder \u00fcber andere Kan\u00e4le als diese Website gesammelt werden.<\/p>\n\n\n\n<p>Zustimmung<br>Durch die Nutzung unserer Website erkl\u00e4ren Sie sich mit unserer Datenschutzrichtlinie einverstanden und stimmen deren Bedingungen zu.<\/p>","protected":false},"excerpt":{"rendered":"<p>Datenschutz und Cookie-Richtlinie Wie viele andere Websites verwendet auch diese Website Protokolldateien. Diese Dateien protokollieren lediglich die Besucher der Website, was in der Regel ein Standardverfahren f\u00fcr Hosting-Unternehmen und ein Teil der Analyse von Hosting-Diensten ist. Zu den Informationen in den Protokolldateien geh\u00f6ren Internetprotokolladressen (IP), Browsertyp, Internetdienstanbieter (ISP), Datums-\/Zeitstempel, ... <a title=\"Datenschutz und Cookie-Richtlinie\" class=\"read-more\" href=\"https:\/\/www.ibericainsurance.com\/de\/privacy-and-cookie-policy\/\" aria-label=\"Mehr Informationen \u00fcber Datenschutz und Cookie-Richtlinie\">Mehr lesen<\/a><\/p>","protected":false},"author":1,"featured_media":0,"parent":0,"menu_order":0,"comment_status":"closed","ping_status":"closed","template":"","meta":{"inline_featured_image":false,"footnotes":""},"class_list":["post-1562","page","type-page","status-publish"],"yoast_head":"<!-- This site is optimized with the Yoast SEO plugin v27.2 - https:\/\/yoast.com\/product\/yoast-seo-wordpress\/ -->\n<title>Privacy and cookie policy - IbericaInsurance<\/title>\n<meta name=\"robots\" content=\"noindex, nofollow\" \/>\n<meta property=\"og:locale\" content=\"de_DE\" \/>\n<meta property=\"og:type\" content=\"article\" \/>\n<meta property=\"og:title\" content=\"Privacy and cookie policy - IbericaInsurance\" \/>\n<meta property=\"og:description\" content=\"Privacy and cookie policy Like many other websites, it makes use of log files. These files simply log visitors to the site, usually a standard procedure for hosting companies and a part of hosting services&#8217; analytics. The information within the log files includes Internet Protocol (IP) addresses, browser type, Internet Service Provider (ISP), date\/time stamp, ... Read more\" \/>\n<meta property=\"og:url\" content=\"https:\/\/www.ibericainsurance.com\/de\/datenschutz-und-cookie-richtlinie\/\" \/>\n<meta property=\"og:site_name\" content=\"IbericaInsurance\" \/>\n<meta property=\"article:modified_time\" content=\"2023-04-07T17:06:18+00:00\" \/>\n<meta name=\"twitter:card\" content=\"summary_large_image\" \/>\n<meta name=\"twitter:label1\" content=\"Gesch\u00e4tzte Lesezeit\" \/>\n\t<meta name=\"twitter:data1\" content=\"3\u00a0Minuten\" \/>\n<script type=\"application\/ld+json\" class=\"yoast-schema-graph\">{\"@context\":\"https:\/\/schema.org\",\"@graph\":[{\"@type\":\"WebPage\",\"@id\":\"https:\/\/www.ibericainsurance.com\/privacy-and-cookie-policy\/\",\"url\":\"https:\/\/www.ibericainsurance.com\/privacy-and-cookie-policy\/\",\"name\":\"Privacy and cookie policy - IbericaInsurance\",\"isPartOf\":{\"@id\":\"https:\/\/www.ibericainsurance.com\/#website\"},\"datePublished\":\"2023-04-07T17:02:12+00:00\",\"dateModified\":\"2023-04-07T17:06:18+00:00\",\"breadcrumb\":{\"@id\":\"https:\/\/www.ibericainsurance.com\/privacy-and-cookie-policy\/#breadcrumb\"},\"inLanguage\":\"de\",\"potentialAction\":[{\"@type\":\"ReadAction\",\"target\":[\"https:\/\/www.ibericainsurance.com\/privacy-and-cookie-policy\/\"]}]},{\"@type\":\"BreadcrumbList\",\"@id\":\"https:\/\/www.ibericainsurance.com\/privacy-and-cookie-policy\/#breadcrumb\",\"itemListElement\":[{\"@type\":\"ListItem\",\"position\":1,\"name\":\"Home\",\"item\":\"https:\/\/www.ibericainsurance.com\/\"},{\"@type\":\"ListItem\",\"position\":2,\"name\":\"Privacy and cookie policy\"}]},{\"@type\":\"WebSite\",\"@id\":\"https:\/\/www.ibericainsurance.com\/#website\",\"url\":\"https:\/\/www.ibericainsurance.com\/\",\"name\":\"IbericaInsurance\",\"description\":\"Your Insurance in Spain\",\"publisher\":{\"@id\":\"https:\/\/www.ibericainsurance.com\/#organization\"},\"potentialAction\":[{\"@type\":\"SearchAction\",\"target\":{\"@type\":\"EntryPoint\",\"urlTemplate\":\"https:\/\/www.ibericainsurance.com\/?s={search_term_string}\"},\"query-input\":{\"@type\":\"PropertyValueSpecification\",\"valueRequired\":true,\"valueName\":\"search_term_string\"}}],\"inLanguage\":\"de\"},{\"@type\":\"Organization\",\"@id\":\"https:\/\/www.ibericainsurance.com\/#organization\",\"name\":\"IbericaInsurance\",\"url\":\"https:\/\/www.ibericainsurance.com\/\",\"logo\":{\"@type\":\"ImageObject\",\"inLanguage\":\"de\",\"@id\":\"https:\/\/www.ibericainsurance.com\/#\/schema\/logo\/image\/\",\"url\":\"https:\/\/www.ibericainsurance.com\/wp-content\/uploads\/ib.png\",\"contentUrl\":\"https:\/\/www.ibericainsurance.com\/wp-content\/uploads\/ib.png\",\"width\":512,\"height\":512,\"caption\":\"IbericaInsurance\"},\"image\":{\"@id\":\"https:\/\/www.ibericainsurance.com\/#\/schema\/logo\/image\/\"}}]}<\/script>\n<!-- \/ Yoast SEO plugin. -->","yoast_head_json":{"title":"Datenschutz und Cookie-Richtlinie - IbericaInsurance","robots":{"index":"noindex","follow":"nofollow"},"og_locale":"de_DE","og_type":"article","og_title":"Privacy and cookie policy - IbericaInsurance","og_description":"Privacy and cookie policy Like many other websites, it makes use of log files. These files simply log visitors to the site, usually a standard procedure for hosting companies and a part of hosting services&#8217; analytics. The information within the log files includes Internet Protocol (IP) addresses, browser type, Internet Service Provider (ISP), date\/time stamp, ... Read more","og_url":"https:\/\/www.ibericainsurance.com\/de\/datenschutz-und-cookie-richtlinie\/","og_site_name":"IbericaInsurance","article_modified_time":"2023-04-07T17:06:18+00:00","twitter_card":"summary_large_image","twitter_misc":{"Gesch\u00e4tzte Lesezeit":"3\u00a0Minuten"},"schema":{"@context":"https:\/\/schema.org","@graph":[{"@type":"WebPage","@id":"https:\/\/www.ibericainsurance.com\/privacy-and-cookie-policy\/","url":"https:\/\/www.ibericainsurance.com\/privacy-and-cookie-policy\/","name":"Datenschutz und Cookie-Richtlinie - IbericaInsurance","isPartOf":{"@id":"https:\/\/www.ibericainsurance.com\/#website"},"datePublished":"2023-04-07T17:02:12+00:00","dateModified":"2023-04-07T17:06:18+00:00","breadcrumb":{"@id":"https:\/\/www.ibericainsurance.com\/privacy-and-cookie-policy\/#breadcrumb"},"inLanguage":"de","potentialAction":[{"@type":"ReadAction","target":["https:\/\/www.ibericainsurance.com\/privacy-and-cookie-policy\/"]}]},{"@type":"BreadcrumbList","@id":"https:\/\/www.ibericainsurance.com\/privacy-and-cookie-policy\/#breadcrumb","itemListElement":[{"@type":"ListItem","position":1,"name":"Home","item":"https:\/\/www.ibericainsurance.com\/"},{"@type":"ListItem","position":2,"name":"Privacy and cookie policy"}]},{"@type":"WebSite","@id":"https:\/\/www.ibericainsurance.com\/#website","url":"https:\/\/www.ibericainsurance.com\/","name":"IbericaVersicherung","description":"Ihre Versicherung in Spanien","publisher":{"@id":"https:\/\/www.ibericainsurance.com\/#organization"},"potentialAction":[{"@type":"SearchAction","target":{"@type":"EntryPoint","urlTemplate":"https:\/\/www.ibericainsurance.com\/?s={search_term_string}"},"query-input":{"@type":"PropertyValueSpecification","valueRequired":true,"valueName":"search_term_string"}}],"inLanguage":"de"},{"@type":"Organization","@id":"https:\/\/www.ibericainsurance.com\/#organization","name":"IbericaVersicherung","url":"https:\/\/www.ibericainsurance.com\/","logo":{"@type":"ImageObject","inLanguage":"de","@id":"https:\/\/www.ibericainsurance.com\/#\/schema\/logo\/image\/","url":"https:\/\/www.ibericainsurance.com\/wp-content\/uploads\/ib.png","contentUrl":"https:\/\/www.ibericainsurance.com\/wp-content\/uploads\/ib.png","width":512,"height":512,"caption":"IbericaInsurance"},"image":{"@id":"https:\/\/www.ibericainsurance.com\/#\/schema\/logo\/image\/"}}]}},"_links":{"self":[{"href":"https:\/\/www.ibericainsurance.com\/de\/wp-json\/wp\/v2\/pages\/1562","targetHints":{"allow":["GET"]}}],"collection":[{"href":"https:\/\/www.ibericainsurance.com\/de\/wp-json\/wp\/v2\/pages"}],"about":[{"href":"https:\/\/www.ibericainsurance.com\/de\/wp-json\/wp\/v2\/types\/page"}],"author":[{"embeddable":true,"href":"https:\/\/www.ibericainsurance.com\/de\/wp-json\/wp\/v2\/users\/1"}],"replies":[{"embeddable":true,"href":"https:\/\/www.ibericainsurance.com\/de\/wp-json\/wp\/v2\/comments?post=1562"}],"version-history":[{"count":2,"href":"https:\/\/www.ibericainsurance.com\/de\/wp-json\/wp\/v2\/pages\/1562\/revisions"}],"predecessor-version":[{"id":1566,"href":"https:\/\/www.ibericainsurance.com\/de\/wp-json\/wp\/v2\/pages\/1562\/revisions\/1566"}],"wp:attachment":[{"href":"https:\/\/www.ibericainsurance.com\/de\/wp-json\/wp\/v2\/media?parent=1562"}],"curies":[{"name":"wp","href":"https:\/\/api.w.org\/{rel}","templated":true}]}}