{"id":1560,"date":"2023-04-07T17:01:21","date_gmt":"2023-04-07T17:01:21","guid":{"rendered":"https:\/\/www.ibericainsurance.com\/?page_id=1560"},"modified":"2023-04-07T17:04:55","modified_gmt":"2023-04-07T17:04:55","slug":"condiciones-generales","status":"publish","type":"page","link":"https:\/\/www.ibericainsurance.com\/es\/terms-and-conditions\/","title":{"rendered":"Condiciones generales"},"content":{"rendered":"<p>Al acceder a este sitio web, usted acepta someterse a estas Condiciones de uso del sitio web, a todas las leyes y reglamentos aplicables, y acepta que es responsable del cumplimiento de cualquier ley local aplicable.<\/p>\n\n\n\n<p>Si no est\u00e1 de acuerdo con alguna de estas condiciones, se le proh\u00edbe utilizar o acceder a este sitio. Los materiales contenidos en este sitio web est\u00e1n protegidos por las leyes de derechos de autor y marcas registradas.<\/p>\n\n\n\n<h2 class=\"wp-block-heading\">Licencia<\/h2>\n\n\n\n<p>Se concede permiso para descargar temporalmente una copia de los materiales (informaci\u00f3n o software) del sitio web de Ibericainsurance.com para su visualizaci\u00f3n personal, no comercial y transitoria. Esto es la concesi\u00f3n de una licencia, no una transferencia de t\u00edtulo, y bajo esta licencia usted no puede:<\/p>\n\n\n\n<h2 class=\"wp-block-heading\">modificar o copiar los materiales;<\/h2>\n\n\n\n<p>utilizar los materiales para cualquier fin comercial, o para cualquier exhibici\u00f3n p\u00fablica (comercial o no comercial);<\/p>\n\n\n\n<p>intentar descompilar o realizar ingenier\u00eda inversa de cualquier software contenido en el sitio web Contenedorespro.com<\/p>\n\n\n\n<p>eliminar de los materiales cualquier menci\u00f3n relativa a derechos de autor u otros derechos de propiedad; o bien<\/p>\n\n\n\n<p>transferir los materiales a otra persona o \"reflejar\" los materiales en cualquier otro servidor.<\/p>\n\n\n\n<p>Esta licencia terminar\u00e1 autom\u00e1ticamente si usted viola cualquiera de estas restricciones y puede ser terminada por Ibericainsurance.com en cualquier momento. Una vez finalizada la visualizaci\u00f3n de estos materiales o la rescisi\u00f3n de esta licencia, deber\u00e1 destruir cualquier material descargado que posea, ya sea en formato electr\u00f3nico o impreso.<\/p>\n\n\n\n<h2 class=\"wp-block-heading\">Descargo de responsabilidad<\/h2>\n\n\n\n<p>Los materiales contenidos en el sitio web de Ibericainsurance.com se proporcionan \"tal cual\". Ibericainsurance.com no ofrece ninguna garant\u00eda, expresa o impl\u00edcita, y por la presente renuncia y niega todas las dem\u00e1s garant\u00edas, incluyendo, pero no limitado a, las garant\u00edas impl\u00edcitas o condiciones de comercializaci\u00f3n, idoneidad para un prop\u00f3sito particular, o no infracci\u00f3n de la propiedad intelectual. u otra violaci\u00f3n de los derechos. Adem\u00e1s, Ibericainsurance.com no garantiza ni hace ninguna representaci\u00f3n con respecto a la exactitud, los resultados probables, o la fiabilidad de la utilizaci\u00f3n de los materiales en o en relaci\u00f3n con los materiales en su sitio Web de Internet o en cualquier sitio ligado a este sitio.<\/p>\n\n\n\n<h2 class=\"wp-block-heading\">limitaciones<\/h2>\n\n\n\n<p>En ning\u00fan caso Ibericainsurance.com o sus proveedores ser\u00e1n responsables de cualquier da\u00f1o (incluyendo, sin limitaci\u00f3n, da\u00f1os por p\u00e9rdida de datos o beneficios, o debido a la interrupci\u00f3n del negocio) que surjan del uso o la imposibilidad de usar los materiales de Internet del sitio Ibericainsurance.com, incluso si Ibericainsurance.com o un representante autorizado de Ibericainsurance.com ha sido notificado oralmente o por escrito de la posibilidad de tales da\u00f1os. Debido a que algunas jurisdicciones no permiten limitaciones en las garant\u00edas impl\u00edcitas, o limitaciones de responsabilidad por da\u00f1os consecuenciales o incidentales, estas limitaciones pueden no aplicarse a usted.<\/p>\n\n\n\n<h2 class=\"wp-block-heading\">Revisiones y erratas<\/h2>\n\n\n\n<p>Los materiales que aparecen en el sitio web de Ibericainsurance.com podr\u00edan incluir errores t\u00e9cnicos, tipogr\u00e1ficos o fotogr\u00e1ficos. Ibericainsurance.com no garantiza que ninguno de los materiales incluidos en su sitio web sean precisos, completos o actuales. Ibericainsurance.com puede hacer cambios a los materiales contenidos en su sitio web en cualquier momento sin previo aviso. ibericainsurance.com, sin embargo, no se compromete a actualizar los materiales.<\/p>\n\n\n\n<h2 class=\"wp-block-heading\">enlaces<\/h2>\n\n\n\n<p>Ibericainsurance.com no ha revisado todos los sitios vinculados a su sitio Web en Internet y no es responsable del contenido de ning\u00fan sitio vinculado. La inclusi\u00f3n de cualquier enlace no implica la aprobaci\u00f3n del sitio por Ibericainsurance.com. El uso de cualquier sitio web enlazado es por cuenta y riesgo del usuario.<\/p>\n\n\n\n<h2 class=\"wp-block-heading\">Modificaciones de las condiciones de uso del sitio<\/h2>\n\n\n\n<p>Ibericainsurance.com podr\u00e1 revisar estas condiciones de uso de su sitio web en cualquier momento y sin previo aviso. Al utilizar este sitio web, usted acepta estar obligado por la versi\u00f3n actual de estos T\u00e9rminos y Condiciones de Uso.<\/p>\n\n\n\n<h2 class=\"wp-block-heading\">legislaci\u00f3n aplicable<\/h2>\n\n\n\n<p>Cualquier reclamaci\u00f3n relacionada con el sitio web Ibericainsurance.com se regir\u00e1 por las leyes del Estado de Ibericainsurance.com sin tener en cuenta su conflicto de disposiciones legales.<\/p>","protected":false},"excerpt":{"rendered":"<p>Al acceder a este sitio web, usted acepta someterse a estas Condiciones de uso del sitio web, a todas las leyes y reglamentos aplicables, y acepta que es responsable del cumplimiento de cualquier ley local aplicable. Si no est\u00e1 de acuerdo con cualquiera de estos t\u00e9rminos, se le proh\u00edbe utilizar o acceder a este sitio. El ... <a title=\"Condiciones generales\" class=\"read-more\" href=\"https:\/\/www.ibericainsurance.com\/es\/terms-and-conditions\/\" aria-label=\"Leer m\u00e1s sobre T\u00e9rminos y condiciones\">Leer m\u00e1s<\/a><\/p>","protected":false},"author":1,"featured_media":0,"parent":0,"menu_order":0,"comment_status":"closed","ping_status":"closed","template":"","meta":{"inline_featured_image":false,"footnotes":""},"class_list":["post-1560","page","type-page","status-publish"],"yoast_head":"<!-- This site is optimized with the Yoast SEO plugin v27.2 - https:\/\/yoast.com\/product\/yoast-seo-wordpress\/ -->\n<title>Terms and Conditions - IbericaInsurance<\/title>\n<meta name=\"robots\" content=\"noindex, nofollow\" \/>\n<meta property=\"og:locale\" content=\"es_ES\" \/>\n<meta property=\"og:type\" content=\"article\" \/>\n<meta property=\"og:title\" content=\"Terms and Conditions - IbericaInsurance\" \/>\n<meta property=\"og:description\" content=\"By accessing this website, you agree to be bound by these Website Terms and Conditions of Use, all applicable laws and regulations, and agree that you are responsible for compliance with any applicable local laws. If you do not agree to any of these terms, you are prohibited from using or accessing this site. The ... Leer m\u00e1s\" \/>\n<meta property=\"og:url\" content=\"https:\/\/www.ibericainsurance.com\/es\/condiciones-generales\/\" \/>\n<meta property=\"og:site_name\" content=\"IbericaInsurance\" \/>\n<meta property=\"article:modified_time\" content=\"2023-04-07T17:04:55+00:00\" \/>\n<meta name=\"twitter:card\" content=\"summary_large_image\" \/>\n<meta name=\"twitter:label1\" content=\"Tiempo de lectura\" \/>\n\t<meta name=\"twitter:data1\" content=\"3 minutos\" \/>\n<script type=\"application\/ld+json\" class=\"yoast-schema-graph\">{\"@context\":\"https:\/\/schema.org\",\"@graph\":[{\"@type\":\"WebPage\",\"@id\":\"https:\/\/www.ibericainsurance.com\/terms-and-conditions\/\",\"url\":\"https:\/\/www.ibericainsurance.com\/terms-and-conditions\/\",\"name\":\"Terms and Conditions - IbericaInsurance\",\"isPartOf\":{\"@id\":\"https:\/\/www.ibericainsurance.com\/#website\"},\"datePublished\":\"2023-04-07T17:01:21+00:00\",\"dateModified\":\"2023-04-07T17:04:55+00:00\",\"breadcrumb\":{\"@id\":\"https:\/\/www.ibericainsurance.com\/terms-and-conditions\/#breadcrumb\"},\"inLanguage\":\"es\",\"potentialAction\":[{\"@type\":\"ReadAction\",\"target\":[\"https:\/\/www.ibericainsurance.com\/terms-and-conditions\/\"]}]},{\"@type\":\"BreadcrumbList\",\"@id\":\"https:\/\/www.ibericainsurance.com\/terms-and-conditions\/#breadcrumb\",\"itemListElement\":[{\"@type\":\"ListItem\",\"position\":1,\"name\":\"Home\",\"item\":\"https:\/\/www.ibericainsurance.com\/\"},{\"@type\":\"ListItem\",\"position\":2,\"name\":\"Terms and Conditions\"}]},{\"@type\":\"WebSite\",\"@id\":\"https:\/\/www.ibericainsurance.com\/#website\",\"url\":\"https:\/\/www.ibericainsurance.com\/\",\"name\":\"IbericaInsurance\",\"description\":\"Your Insurance in Spain\",\"publisher\":{\"@id\":\"https:\/\/www.ibericainsurance.com\/#organization\"},\"potentialAction\":[{\"@type\":\"SearchAction\",\"target\":{\"@type\":\"EntryPoint\",\"urlTemplate\":\"https:\/\/www.ibericainsurance.com\/?s={search_term_string}\"},\"query-input\":{\"@type\":\"PropertyValueSpecification\",\"valueRequired\":true,\"valueName\":\"search_term_string\"}}],\"inLanguage\":\"es\"},{\"@type\":\"Organization\",\"@id\":\"https:\/\/www.ibericainsurance.com\/#organization\",\"name\":\"IbericaInsurance\",\"url\":\"https:\/\/www.ibericainsurance.com\/\",\"logo\":{\"@type\":\"ImageObject\",\"inLanguage\":\"es\",\"@id\":\"https:\/\/www.ibericainsurance.com\/#\/schema\/logo\/image\/\",\"url\":\"https:\/\/www.ibericainsurance.com\/wp-content\/uploads\/ib.png\",\"contentUrl\":\"https:\/\/www.ibericainsurance.com\/wp-content\/uploads\/ib.png\",\"width\":512,\"height\":512,\"caption\":\"IbericaInsurance\"},\"image\":{\"@id\":\"https:\/\/www.ibericainsurance.com\/#\/schema\/logo\/image\/\"}}]}<\/script>\n<!-- \/ Yoast SEO plugin. -->","yoast_head_json":{"title":"T\u00e9rminos y Condiciones - IbericaInsurance","robots":{"index":"noindex","follow":"nofollow"},"og_locale":"es_ES","og_type":"article","og_title":"Terms and Conditions - IbericaInsurance","og_description":"By accessing this website, you agree to be bound by these Website Terms and Conditions of Use, all applicable laws and regulations, and agree that you are responsible for compliance with any applicable local laws. If you do not agree to any of these terms, you are prohibited from using or accessing this site. The ... Leer m\u00e1s","og_url":"https:\/\/www.ibericainsurance.com\/es\/condiciones-generales\/","og_site_name":"IbericaInsurance","article_modified_time":"2023-04-07T17:04:55+00:00","twitter_card":"summary_large_image","twitter_misc":{"Tiempo de lectura":"3 minutos"},"schema":{"@context":"https:\/\/schema.org","@graph":[{"@type":"WebPage","@id":"https:\/\/www.ibericainsurance.com\/terms-and-conditions\/","url":"https:\/\/www.ibericainsurance.com\/terms-and-conditions\/","name":"T\u00e9rminos y Condiciones - IbericaInsurance","isPartOf":{"@id":"https:\/\/www.ibericainsurance.com\/#website"},"datePublished":"2023-04-07T17:01:21+00:00","dateModified":"2023-04-07T17:04:55+00:00","breadcrumb":{"@id":"https:\/\/www.ibericainsurance.com\/terms-and-conditions\/#breadcrumb"},"inLanguage":"es","potentialAction":[{"@type":"ReadAction","target":["https:\/\/www.ibericainsurance.com\/terms-and-conditions\/"]}]},{"@type":"BreadcrumbList","@id":"https:\/\/www.ibericainsurance.com\/terms-and-conditions\/#breadcrumb","itemListElement":[{"@type":"ListItem","position":1,"name":"Home","item":"https:\/\/www.ibericainsurance.com\/"},{"@type":"ListItem","position":2,"name":"Terms and Conditions"}]},{"@type":"WebSite","@id":"https:\/\/www.ibericainsurance.com\/#website","url":"https:\/\/www.ibericainsurance.com\/","name":"Ib\u00e9ricaSeguros","description":"Su seguro en Espa\u00f1a","publisher":{"@id":"https:\/\/www.ibericainsurance.com\/#organization"},"potentialAction":[{"@type":"SearchAction","target":{"@type":"EntryPoint","urlTemplate":"https:\/\/www.ibericainsurance.com\/?s={search_term_string}"},"query-input":{"@type":"PropertyValueSpecification","valueRequired":true,"valueName":"search_term_string"}}],"inLanguage":"es"},{"@type":"Organization","@id":"https:\/\/www.ibericainsurance.com\/#organization","name":"Ib\u00e9ricaSeguros","url":"https:\/\/www.ibericainsurance.com\/","logo":{"@type":"ImageObject","inLanguage":"es","@id":"https:\/\/www.ibericainsurance.com\/#\/schema\/logo\/image\/","url":"https:\/\/www.ibericainsurance.com\/wp-content\/uploads\/ib.png","contentUrl":"https:\/\/www.ibericainsurance.com\/wp-content\/uploads\/ib.png","width":512,"height":512,"caption":"IbericaInsurance"},"image":{"@id":"https:\/\/www.ibericainsurance.com\/#\/schema\/logo\/image\/"}}]}},"_links":{"self":[{"href":"https:\/\/www.ibericainsurance.com\/es\/wp-json\/wp\/v2\/pages\/1560","targetHints":{"allow":["GET"]}}],"collection":[{"href":"https:\/\/www.ibericainsurance.com\/es\/wp-json\/wp\/v2\/pages"}],"about":[{"href":"https:\/\/www.ibericainsurance.com\/es\/wp-json\/wp\/v2\/types\/page"}],"author":[{"embeddable":true,"href":"https:\/\/www.ibericainsurance.com\/es\/wp-json\/wp\/v2\/users\/1"}],"replies":[{"embeddable":true,"href":"https:\/\/www.ibericainsurance.com\/es\/wp-json\/wp\/v2\/comments?post=1560"}],"version-history":[{"count":2,"href":"https:\/\/www.ibericainsurance.com\/es\/wp-json\/wp\/v2\/pages\/1560\/revisions"}],"predecessor-version":[{"id":1565,"href":"https:\/\/www.ibericainsurance.com\/es\/wp-json\/wp\/v2\/pages\/1560\/revisions\/1565"}],"wp:attachment":[{"href":"https:\/\/www.ibericainsurance.com\/es\/wp-json\/wp\/v2\/media?parent=1560"}],"curies":[{"name":"wp","href":"https:\/\/api.w.org\/{rel}","templated":true}]}}