{"id":1562,"date":"2023-04-07T17:02:12","date_gmt":"2023-04-07T17:02:12","guid":{"rendered":"https:\/\/www.ibericainsurance.com\/?page_id=1562"},"modified":"2023-04-07T17:06:18","modified_gmt":"2023-04-07T17:06:18","slug":"politica-de-privacidad-y-cookies","status":"publish","type":"page","link":"https:\/\/www.ibericainsurance.com\/es\/privacy-and-cookie-policy\/","title":{"rendered":"Pol\u00edtica de privacidad y cookies"},"content":{"rendered":"<p>Pol\u00edtica de privacidad y cookies<\/p>\n\n\n\n<p>Como muchos otros sitios web, utiliza archivos de registro. Estos archivos simplemente registran las visitas al sitio, normalmente un procedimiento est\u00e1ndar para las empresas de alojamiento y una parte de los an\u00e1lisis de los servicios de alojamiento. La informaci\u00f3n contenida en los archivos de registro incluye direcciones de protocolo de Internet (IP), tipo de navegador, proveedor de servicios de Internet (ISP), sello de fecha\/hora, p\u00e1ginas de referencia\/salida y, posiblemente, el n\u00famero de clics. Esta informaci\u00f3n se utiliza para analizar tendencias, administrar el sitio, rastrear los movimientos de los usuarios por el sitio y recopilar informaci\u00f3n demogr\u00e1fica. Las direcciones IP y otra informaci\u00f3n similar no est\u00e1n vinculadas a ninguna informaci\u00f3n que sea personalmente identificable.<\/p>\n\n\n\n<p>Cookies y balizas web<br>Utilizamos cookies para almacenar informaci\u00f3n sobre las preferencias de los visitantes, para registrar informaci\u00f3n espec\u00edfica del usuario sobre las p\u00e1ginas a las que accede o visita el visitante del sitio y para personalizar o adaptar el contenido de nuestra p\u00e1gina web en funci\u00f3n del tipo de navegador de los visitantes u otra informaci\u00f3n que el visitante env\u00eda a trav\u00e9s de su navegador.<\/p>\n\n\n\n<p>Cookie DART de DoubleClick<br>\u2192 Google, como proveedor externo, utiliza cookies para publicar anuncios.<br>\u2192 El uso de Google de la cookie de DART le permite servir anuncios a los visitantes de nuestro sitio basado en su visita y otros sitios en Internet.<br>\u2192 Los usuarios pueden inhabilitar el uso de la cookie de DART visitando la pol\u00edtica de privacidad de la red de anuncios y contenidos de Google en la siguiente URL: http:\/\/www.google.com\/privacy_ads.html<\/p>\n\n\n\n<p>Nuestros socios publicitarios<br>Algunos de nuestros socios publicitarios pueden utilizar cookies y balizas web en nuestro sitio. Nuestros socios publicitarios incluyen .......<br>Google<br>Amazon<br>Aunque cada uno de estos socios publicitarios tiene su propia Pol\u00edtica de Privacidad para su sitio, aqu\u00ed se mantiene un recurso actualizado e hipervinculado: Pol\u00edticas de privacidad.<br>Puede consultar esta lista para conocer la pol\u00edtica de privacidad de cada uno de los socios publicitarios de este sitio web.<\/p>\n\n\n\n<p>Estos servidores de anuncios de terceros o redes publicitarias utilizan la tecnolog\u00eda en sus respectivos anuncios y enlaces que aparecen en este sitio web y se entregan directamente a su navegador. Cuando esto ocurre, reciben autom\u00e1ticamente su direcci\u00f3n IP. Las redes publicitarias de terceros en nuestro sitio tambi\u00e9n pueden utilizar otras tecnolog\u00edas (como cookies, JavaScript o balizas web) para medir la eficacia de sus campa\u00f1as publicitarias y\/o personalizar el contenido publicitario que usted ve en el sitio.<\/p>\n\n\n\n<p>No tenemos acceso ni control sobre estas cookies utilizadas por terceros anunciantes.<\/p>\n\n\n\n<p>Pol\u00edticas de privacidad de terceros<br>Debe consultar las respectivas pol\u00edticas de privacidad de estos servidores de anuncios de terceros para obtener informaci\u00f3n m\u00e1s detallada sobre sus pr\u00e1cticas, as\u00ed como para obtener instrucciones sobre c\u00f3mo optar por no participar en determinadas pr\u00e1cticas.<\/p>\n\n\n\n<p>La pol\u00edtica de privacidad no se aplica a, y no podemos controlar las actividades de, otros anunciantes o sitios web. Puede encontrar una lista completa de estas pol\u00edticas de privacidad y sus enlaces aqu\u00ed: Enlaces a pol\u00edticas de privacidad.<\/p>\n\n\n\n<p>Si desea desactivar las cookies, puede hacerlo a trav\u00e9s de las opciones individuales de su navegador. Puede encontrar informaci\u00f3n m\u00e1s detallada sobre la gesti\u00f3n de cookies con navegadores web espec\u00edficos en los sitios web de los respectivos navegadores. \u00bfQu\u00e9 son las cookies?<\/p>\n\n\n\n<p>informaci\u00f3n del ni\u00f1o<br>Creemos que es importante proporcionar protecci\u00f3n adicional a los ni\u00f1os en l\u00ednea. Animamos a los padres y tutores a pasar tiempo en l\u00ednea con sus hijos para observar, participar y\/o supervisar y guiar su actividad en l\u00ednea.<\/p>\n\n\n\n<p>No recopilamos conscientemente informaci\u00f3n personal identificable de ni\u00f1os menores de 13 a\u00f1os. Si un padre o tutor cree que tiene en su base de datos informaci\u00f3n personal identificable de un Si usted es un ni\u00f1o menor de 13 a\u00f1os, p\u00f3ngase en contacto con nosotros inmediatamente (utilizando el contacto que figura en el primer p\u00e1rrafo) y haremos todo lo posible para eliminar r\u00e1pidamente dicha informaci\u00f3n. informaci\u00f3n de nuestros registros.<\/p>\n\n\n\n<p>Pol\u00edtica de privacidad en l\u00ednea<br>Esta pol\u00edtica de privacidad se aplica \u00fanicamente a nuestras actividades en l\u00ednea y es v\u00e1lida para los visitantes de nuestro sitio web y con respecto a la informaci\u00f3n compartida y\/o recopilada en el mismo. Esta pol\u00edtica no se aplica a ninguna informaci\u00f3n recopilada fuera de l\u00ednea o a trav\u00e9s de canales distintos de este sitio web.<\/p>\n\n\n\n<p>Consentimiento<br>Al utilizar nuestro sitio web, usted acepta nuestra pol\u00edtica de privacidad y est\u00e1 de acuerdo con sus t\u00e9rminos.<\/p>","protected":false},"excerpt":{"rendered":"<p>Pol\u00edtica de privacidad y cookies Como muchos otros sitios web, hace uso de archivos de registro. Estos archivos simplemente registran las visitas al sitio, normalmente un procedimiento est\u00e1ndar para las empresas de alojamiento y una parte de los an\u00e1lisis de los servicios de alojamiento. La informaci\u00f3n contenida en los archivos de registro incluye direcciones de protocolo de Internet (IP), tipo de navegador, proveedor de servicios de Internet (ISP), sello de fecha\/hora, ... <a title=\"Pol\u00edtica de privacidad y cookies\" class=\"read-more\" href=\"https:\/\/www.ibericainsurance.com\/es\/privacy-and-cookie-policy\/\" aria-label=\"Leer m\u00e1s sobre Pol\u00edtica de privacidad y cookies\">Leer m\u00e1s<\/a><\/p>","protected":false},"author":1,"featured_media":0,"parent":0,"menu_order":0,"comment_status":"closed","ping_status":"closed","template":"","meta":{"inline_featured_image":false,"footnotes":""},"class_list":["post-1562","page","type-page","status-publish"],"yoast_head":"<!-- This site is optimized with the Yoast SEO plugin v27.2 - https:\/\/yoast.com\/product\/yoast-seo-wordpress\/ -->\n<title>Privacy and cookie policy - IbericaInsurance<\/title>\n<meta name=\"robots\" content=\"noindex, nofollow\" \/>\n<meta property=\"og:locale\" content=\"es_ES\" \/>\n<meta property=\"og:type\" content=\"article\" \/>\n<meta property=\"og:title\" content=\"Privacy and cookie policy - IbericaInsurance\" \/>\n<meta property=\"og:description\" content=\"Privacy and cookie policy Like many other websites, it makes use of log files. These files simply log visitors to the site, usually a standard procedure for hosting companies and a part of hosting services&#8217; analytics. The information within the log files includes Internet Protocol (IP) addresses, browser type, Internet Service Provider (ISP), date\/time stamp, ... Leer m\u00e1s\" \/>\n<meta property=\"og:url\" content=\"https:\/\/www.ibericainsurance.com\/es\/politica-de-privacidad-y-cookies\/\" \/>\n<meta property=\"og:site_name\" content=\"IbericaInsurance\" \/>\n<meta property=\"article:modified_time\" content=\"2023-04-07T17:06:18+00:00\" \/>\n<meta name=\"twitter:card\" content=\"summary_large_image\" \/>\n<meta name=\"twitter:label1\" content=\"Tiempo de lectura\" \/>\n\t<meta name=\"twitter:data1\" content=\"3 minutos\" \/>\n<script type=\"application\/ld+json\" class=\"yoast-schema-graph\">{\"@context\":\"https:\/\/schema.org\",\"@graph\":[{\"@type\":\"WebPage\",\"@id\":\"https:\/\/www.ibericainsurance.com\/privacy-and-cookie-policy\/\",\"url\":\"https:\/\/www.ibericainsurance.com\/privacy-and-cookie-policy\/\",\"name\":\"Privacy and cookie policy - IbericaInsurance\",\"isPartOf\":{\"@id\":\"https:\/\/www.ibericainsurance.com\/#website\"},\"datePublished\":\"2023-04-07T17:02:12+00:00\",\"dateModified\":\"2023-04-07T17:06:18+00:00\",\"breadcrumb\":{\"@id\":\"https:\/\/www.ibericainsurance.com\/privacy-and-cookie-policy\/#breadcrumb\"},\"inLanguage\":\"es\",\"potentialAction\":[{\"@type\":\"ReadAction\",\"target\":[\"https:\/\/www.ibericainsurance.com\/privacy-and-cookie-policy\/\"]}]},{\"@type\":\"BreadcrumbList\",\"@id\":\"https:\/\/www.ibericainsurance.com\/privacy-and-cookie-policy\/#breadcrumb\",\"itemListElement\":[{\"@type\":\"ListItem\",\"position\":1,\"name\":\"Home\",\"item\":\"https:\/\/www.ibericainsurance.com\/\"},{\"@type\":\"ListItem\",\"position\":2,\"name\":\"Privacy and cookie policy\"}]},{\"@type\":\"WebSite\",\"@id\":\"https:\/\/www.ibericainsurance.com\/#website\",\"url\":\"https:\/\/www.ibericainsurance.com\/\",\"name\":\"IbericaInsurance\",\"description\":\"Your Insurance in Spain\",\"publisher\":{\"@id\":\"https:\/\/www.ibericainsurance.com\/#organization\"},\"potentialAction\":[{\"@type\":\"SearchAction\",\"target\":{\"@type\":\"EntryPoint\",\"urlTemplate\":\"https:\/\/www.ibericainsurance.com\/?s={search_term_string}\"},\"query-input\":{\"@type\":\"PropertyValueSpecification\",\"valueRequired\":true,\"valueName\":\"search_term_string\"}}],\"inLanguage\":\"es\"},{\"@type\":\"Organization\",\"@id\":\"https:\/\/www.ibericainsurance.com\/#organization\",\"name\":\"IbericaInsurance\",\"url\":\"https:\/\/www.ibericainsurance.com\/\",\"logo\":{\"@type\":\"ImageObject\",\"inLanguage\":\"es\",\"@id\":\"https:\/\/www.ibericainsurance.com\/#\/schema\/logo\/image\/\",\"url\":\"https:\/\/www.ibericainsurance.com\/wp-content\/uploads\/ib.png\",\"contentUrl\":\"https:\/\/www.ibericainsurance.com\/wp-content\/uploads\/ib.png\",\"width\":512,\"height\":512,\"caption\":\"IbericaInsurance\"},\"image\":{\"@id\":\"https:\/\/www.ibericainsurance.com\/#\/schema\/logo\/image\/\"}}]}<\/script>\n<!-- \/ Yoast SEO plugin. -->","yoast_head_json":{"title":"Pol\u00edtica de privacidad y cookies - IbericaInsurance","robots":{"index":"noindex","follow":"nofollow"},"og_locale":"es_ES","og_type":"article","og_title":"Privacy and cookie policy - IbericaInsurance","og_description":"Privacy and cookie policy Like many other websites, it makes use of log files. These files simply log visitors to the site, usually a standard procedure for hosting companies and a part of hosting services&#8217; analytics. The information within the log files includes Internet Protocol (IP) addresses, browser type, Internet Service Provider (ISP), date\/time stamp, ... Leer m\u00e1s","og_url":"https:\/\/www.ibericainsurance.com\/es\/politica-de-privacidad-y-cookies\/","og_site_name":"IbericaInsurance","article_modified_time":"2023-04-07T17:06:18+00:00","twitter_card":"summary_large_image","twitter_misc":{"Tiempo de lectura":"3 minutos"},"schema":{"@context":"https:\/\/schema.org","@graph":[{"@type":"WebPage","@id":"https:\/\/www.ibericainsurance.com\/privacy-and-cookie-policy\/","url":"https:\/\/www.ibericainsurance.com\/privacy-and-cookie-policy\/","name":"Pol\u00edtica de privacidad y cookies - IbericaInsurance","isPartOf":{"@id":"https:\/\/www.ibericainsurance.com\/#website"},"datePublished":"2023-04-07T17:02:12+00:00","dateModified":"2023-04-07T17:06:18+00:00","breadcrumb":{"@id":"https:\/\/www.ibericainsurance.com\/privacy-and-cookie-policy\/#breadcrumb"},"inLanguage":"es","potentialAction":[{"@type":"ReadAction","target":["https:\/\/www.ibericainsurance.com\/privacy-and-cookie-policy\/"]}]},{"@type":"BreadcrumbList","@id":"https:\/\/www.ibericainsurance.com\/privacy-and-cookie-policy\/#breadcrumb","itemListElement":[{"@type":"ListItem","position":1,"name":"Home","item":"https:\/\/www.ibericainsurance.com\/"},{"@type":"ListItem","position":2,"name":"Privacy and cookie policy"}]},{"@type":"WebSite","@id":"https:\/\/www.ibericainsurance.com\/#website","url":"https:\/\/www.ibericainsurance.com\/","name":"Ib\u00e9ricaSeguros","description":"Su seguro en Espa\u00f1a","publisher":{"@id":"https:\/\/www.ibericainsurance.com\/#organization"},"potentialAction":[{"@type":"SearchAction","target":{"@type":"EntryPoint","urlTemplate":"https:\/\/www.ibericainsurance.com\/?s={search_term_string}"},"query-input":{"@type":"PropertyValueSpecification","valueRequired":true,"valueName":"search_term_string"}}],"inLanguage":"es"},{"@type":"Organization","@id":"https:\/\/www.ibericainsurance.com\/#organization","name":"Ib\u00e9ricaSeguros","url":"https:\/\/www.ibericainsurance.com\/","logo":{"@type":"ImageObject","inLanguage":"es","@id":"https:\/\/www.ibericainsurance.com\/#\/schema\/logo\/image\/","url":"https:\/\/www.ibericainsurance.com\/wp-content\/uploads\/ib.png","contentUrl":"https:\/\/www.ibericainsurance.com\/wp-content\/uploads\/ib.png","width":512,"height":512,"caption":"IbericaInsurance"},"image":{"@id":"https:\/\/www.ibericainsurance.com\/#\/schema\/logo\/image\/"}}]}},"_links":{"self":[{"href":"https:\/\/www.ibericainsurance.com\/es\/wp-json\/wp\/v2\/pages\/1562","targetHints":{"allow":["GET"]}}],"collection":[{"href":"https:\/\/www.ibericainsurance.com\/es\/wp-json\/wp\/v2\/pages"}],"about":[{"href":"https:\/\/www.ibericainsurance.com\/es\/wp-json\/wp\/v2\/types\/page"}],"author":[{"embeddable":true,"href":"https:\/\/www.ibericainsurance.com\/es\/wp-json\/wp\/v2\/users\/1"}],"replies":[{"embeddable":true,"href":"https:\/\/www.ibericainsurance.com\/es\/wp-json\/wp\/v2\/comments?post=1562"}],"version-history":[{"count":2,"href":"https:\/\/www.ibericainsurance.com\/es\/wp-json\/wp\/v2\/pages\/1562\/revisions"}],"predecessor-version":[{"id":1566,"href":"https:\/\/www.ibericainsurance.com\/es\/wp-json\/wp\/v2\/pages\/1562\/revisions\/1566"}],"wp:attachment":[{"href":"https:\/\/www.ibericainsurance.com\/es\/wp-json\/wp\/v2\/media?parent=1562"}],"curies":[{"name":"wp","href":"https:\/\/api.w.org\/{rel}","templated":true}]}}