{"id":47,"date":"2021-07-18T02:07:54","date_gmt":"2021-07-18T01:07:54","guid":{"rendered":"https:\/\/capital.wordifysites.com\/?page_id=47"},"modified":"2023-05-16T18:35:03","modified_gmt":"2023-05-16T18:35:03","slug":"solicitar-presupuesto","status":"publish","type":"page","link":"https:\/\/www.ibericainsurance.com\/es\/get-a-quote\/","title":{"rendered":"Solicitar presupuesto"},"content":{"rendered":"<div class=\"gb-container gb-container-9c323e47\"><div class=\"gb-inside-container\">\n\n<h2 class=\"gb-headline gb-headline-7999f772 gb-headline-text\">Obtenga ahora un presupuesto r\u00e1pido<\/h2>\n\n\n\n<h2 class=\"gb-headline gb-headline-8779dfe4\"><span class=\"gb-icon\"><svg viewbox=\"0 0 36.7 3\" xmlns=\"http:\/\/www.w3.org\/2000\/svg\"><path d=\"M0 0h36.7v3H0z\"><\/path><\/svg><\/span><\/h2>\n\n\n\n<p class=\"has-text-align-center has-contrast-4-color has-text-color\"><\/p>\n\n\n<div class=\"gb-container gb-container-80b0f783\"><div class=\"gb-inside-container\">\n\n<p class=\"gb-headline gb-headline-57980a11 gb-headline-text\">\n<div class=\"wpcf7 no-js\" id=\"wpcf7-f1408-o1\" lang=\"en-US\" dir=\"ltr\" data-wpcf7-id=\"1408\">\n<div class=\"screen-reader-response\"><p role=\"status\" aria-live=\"polite\" aria-atomic=\"true\"><\/p> <ul><\/ul><\/div>\n<form action=\"\/es\/wp-json\/wp\/v2\/pages\/47#wpcf7-f1408-o1\" method=\"post\" class=\"wpcf7-form init\" aria-label=\"Formulario de contacto\" novalidate=\"novalidate\" data-status=\"init\" data-trp-original-action=\"\/es\/wp-json\/wp\/v2\/pages\/47#wpcf7-f1408-o1\">\n<fieldset class=\"hidden-fields-container\"><input type=\"hidden\" name=\"_wpcf7\" value=\"1408\" \/><input type=\"hidden\" name=\"_wpcf7_version\" value=\"6.1.5\" \/><input type=\"hidden\" name=\"_wpcf7_locale\" value=\"en_US\" \/><input type=\"hidden\" name=\"_wpcf7_unit_tag\" value=\"wpcf7-f1408-o1\" \/><input type=\"hidden\" name=\"_wpcf7_container_post\" value=\"0\" \/><input type=\"hidden\" name=\"_wpcf7_posted_data_hash\" value=\"\" \/>\n<\/fieldset>\n<div id=\"responsive-form\" class=\"clearfix\">\n\t<div class=\"form-row\">\n\t\t<div class=\"column-half\">\n\t\t\t<p><span class=\"wpcf7-form-control-wrap\" data-name=\"your-name\"><input size=\"40\" maxlength=\"400\" class=\"wpcf7-form-control wpcf7-text wpcf7-validates-as-required cf7r-fb-first-name\" aria-required=\"true\" aria-invalid=\"false\" placeholder=\"Nombre\" value=\"\" type=\"text\" name=\"your-name\" \/><\/span>\n\t\t\t<\/p>\n\t\t<\/div>\n\t\t<div class=\"column-half\">\n\t\t\t<p><span class=\"wpcf7-form-control-wrap\" data-name=\"your-surname\"><input size=\"40\" maxlength=\"400\" class=\"wpcf7-form-control wpcf7-text wpcf7-validates-as-required cf7r-fb-last-name\" aria-required=\"true\" aria-invalid=\"false\" placeholder=\"Apellido\" value=\"\" type=\"text\" name=\"your-surname\" \/><\/span>\n\t\t\t<\/p>\n\t\t<\/div>\n\t<\/div>\n\t<div class=\"form-row\">\n\t\t<div class=\"column-half\">\n\t\t\t<p><span class=\"wpcf7-form-control-wrap\" data-name=\"your-email\"><input size=\"40\" maxlength=\"400\" class=\"wpcf7-form-control wpcf7-email wpcf7-validates-as-required wpcf7-text wpcf7-validates-as-email cf7r-fb-email\" aria-required=\"true\" aria-invalid=\"false\" placeholder=\"Su correo electr\u00f3nico\" value=\"\" type=\"email\" name=\"your-email\" \/><\/span>\n\t\t\t<\/p>\n\t\t<\/div>\n\t\t<div class=\"column-half\">\n\t\t\t<p><span class=\"wpcf7-form-control-wrap your-tel\"><input class=\"wpcf7-form-control wpcf7-intl_tel wpcf7-intl-tel\" aria-invalid=\"false\" placeholder=\"Su tel\u00e9fono\" size=\"40\" value=\"\" type=\"tel\" name=\"your-tel-cf7it-national\" \/><input name=\"your-tel\" type=\"hidden\" class=\"wpcf7-intl-tel-full\" \/><input type=\"hidden\" name=\"your-tel-cf7it-country-name\" class=\"wpcf7-intl-tel-country-name\" \/><input type=\"hidden\" name=\"your-tel-cf7it-country-code\" class=\"wpcf7-intl-tel-country-code\" \/><\/span>\n\t\t\t<\/p>\n\t\t<\/div>\n\t<\/div>\n\t<div class=\"form-row\">\n\t\t<div class=\"column-full\">\n\t\t\t<p><span class=\"wpcf7-form-control-wrap\" data-name=\"your-message\"><textarea cols=\"10\" rows=\"10\" maxlength=\"2000\" class=\"wpcf7-form-control wpcf7-textarea wpcf7-validates-as-required\" aria-required=\"true\" aria-invalid=\"false\" placeholder=\"\u00bfTiene alguna pregunta o requisito espec\u00edfico? D\u00edganoslo aqu\u00ed...\" name=\"your-message\"><\/textarea><\/span>\n\t\t\t<\/p>\n\t\t<\/div>\n\t<\/div>\n\t<div class=\"form-row\">\n\t\t<div class=\"column-full\">\n\t\t\t<p><input class=\"wpcf7-form-control wpcf7-submit has-spinner\" type=\"submit\" value=\"Enviar mi solicitud ahora\" \/>\n\t\t\t<\/p>\n\t\t<\/div>\n\t<\/div>\n<\/div><!--end responsive-form-->\n<p style=\"text-align: center;\"><small>Este sitio est\u00e1 protegido por reCAPTCHA y por la pol\u00edtica de privacidad de Google. <a href=\"https:\/\/policies.google.com\/privacy\">Pol\u00edtica de privacidad<\/a> y <a href=\"https:\/\/policies.google.com\/terms\">Condiciones de uso<\/a> aplicar.<\/small>\n<\/p><div class=\"wpcf7-response-output\" aria-hidden=\"true\"><\/div>\n<input type=\"hidden\" name=\"trp-form-language\" value=\"es\"\/><\/form>\n<\/div>\n<\/p>\n\n<\/div><\/div>\n<\/div><\/div>","protected":false},"excerpt":{"rendered":"<p>Obtenga ahora un presupuesto r\u00e1pido<\/p>","protected":false},"author":1,"featured_media":1417,"parent":0,"menu_order":0,"comment_status":"closed","ping_status":"closed","template":"","meta":{"inline_featured_image":false,"footnotes":""},"class_list":["post-47","page","type-page","status-publish","has-post-thumbnail"],"yoast_head":"<!-- This site is optimized with the Yoast SEO plugin v27.2 - https:\/\/yoast.com\/product\/yoast-seo-wordpress\/ -->\n<title>Get a Quote Now - IbericaInsurance<\/title>\n<meta name=\"robots\" content=\"index, follow, max-snippet:-1, max-image-preview:large, max-video-preview:-1\" \/>\n<link rel=\"canonical\" href=\"https:\/\/www.ibericainsurance.com\/es\/solicitar-presupuesto\/\" \/>\n<meta property=\"og:locale\" content=\"es_ES\" \/>\n<meta property=\"og:type\" content=\"article\" \/>\n<meta property=\"og:title\" content=\"Get a Quote Now - IbericaInsurance\" \/>\n<meta property=\"og:description\" content=\"Get a fast quote now\" \/>\n<meta property=\"og:url\" content=\"https:\/\/www.ibericainsurance.com\/es\/solicitar-presupuesto\/\" \/>\n<meta property=\"og:site_name\" content=\"IbericaInsurance\" \/>\n<meta property=\"article:modified_time\" content=\"2023-05-16T18:35:03+00:00\" \/>\n<meta property=\"og:image\" content=\"https:\/\/www.ibericainsurance.com\/wp-content\/uploads\/quote.jpg\" \/>\n\t<meta property=\"og:image:width\" content=\"1920\" \/>\n\t<meta property=\"og:image:height\" content=\"1080\" \/>\n\t<meta property=\"og:image:type\" content=\"image\/jpeg\" \/>\n<meta name=\"twitter:card\" content=\"summary_large_image\" \/>\n<meta name=\"twitter:label1\" content=\"Tiempo de lectura\" \/>\n\t<meta name=\"twitter:data1\" content=\"1 minuto\" \/>\n<script type=\"application\/ld+json\" class=\"yoast-schema-graph\">{\"@context\":\"https:\/\/schema.org\",\"@graph\":[{\"@type\":\"WebPage\",\"@id\":\"https:\/\/www.ibericainsurance.com\/get-a-quote\/\",\"url\":\"https:\/\/www.ibericainsurance.com\/get-a-quote\/\",\"name\":\"Get a Quote Now - IbericaInsurance\",\"isPartOf\":{\"@id\":\"https:\/\/www.ibericainsurance.com\/#website\"},\"primaryImageOfPage\":{\"@id\":\"https:\/\/www.ibericainsurance.com\/get-a-quote\/#primaryimage\"},\"image\":{\"@id\":\"https:\/\/www.ibericainsurance.com\/get-a-quote\/#primaryimage\"},\"thumbnailUrl\":\"https:\/\/www.ibericainsurance.com\/wp-content\/uploads\/quote.jpg\",\"datePublished\":\"2021-07-18T01:07:54+00:00\",\"dateModified\":\"2023-05-16T18:35:03+00:00\",\"breadcrumb\":{\"@id\":\"https:\/\/www.ibericainsurance.com\/get-a-quote\/#breadcrumb\"},\"inLanguage\":\"es\",\"potentialAction\":[{\"@type\":\"ReadAction\",\"target\":[\"https:\/\/www.ibericainsurance.com\/get-a-quote\/\"]}]},{\"@type\":\"ImageObject\",\"inLanguage\":\"es\",\"@id\":\"https:\/\/www.ibericainsurance.com\/get-a-quote\/#primaryimage\",\"url\":\"https:\/\/www.ibericainsurance.com\/wp-content\/uploads\/quote.jpg\",\"contentUrl\":\"https:\/\/www.ibericainsurance.com\/wp-content\/uploads\/quote.jpg\",\"width\":1920,\"height\":1080},{\"@type\":\"BreadcrumbList\",\"@id\":\"https:\/\/www.ibericainsurance.com\/get-a-quote\/#breadcrumb\",\"itemListElement\":[{\"@type\":\"ListItem\",\"position\":1,\"name\":\"Home\",\"item\":\"https:\/\/www.ibericainsurance.com\/\"},{\"@type\":\"ListItem\",\"position\":2,\"name\":\"Get a Quote Now\"}]},{\"@type\":\"WebSite\",\"@id\":\"https:\/\/www.ibericainsurance.com\/#website\",\"url\":\"https:\/\/www.ibericainsurance.com\/\",\"name\":\"IbericaInsurance\",\"description\":\"Your Insurance in Spain\",\"publisher\":{\"@id\":\"https:\/\/www.ibericainsurance.com\/#organization\"},\"potentialAction\":[{\"@type\":\"SearchAction\",\"target\":{\"@type\":\"EntryPoint\",\"urlTemplate\":\"https:\/\/www.ibericainsurance.com\/?s={search_term_string}\"},\"query-input\":{\"@type\":\"PropertyValueSpecification\",\"valueRequired\":true,\"valueName\":\"search_term_string\"}}],\"inLanguage\":\"es\"},{\"@type\":\"Organization\",\"@id\":\"https:\/\/www.ibericainsurance.com\/#organization\",\"name\":\"IbericaInsurance\",\"url\":\"https:\/\/www.ibericainsurance.com\/\",\"logo\":{\"@type\":\"ImageObject\",\"inLanguage\":\"es\",\"@id\":\"https:\/\/www.ibericainsurance.com\/#\/schema\/logo\/image\/\",\"url\":\"https:\/\/www.ibericainsurance.com\/wp-content\/uploads\/ib.png\",\"contentUrl\":\"https:\/\/www.ibericainsurance.com\/wp-content\/uploads\/ib.png\",\"width\":512,\"height\":512,\"caption\":\"IbericaInsurance\"},\"image\":{\"@id\":\"https:\/\/www.ibericainsurance.com\/#\/schema\/logo\/image\/\"}}]}<\/script>\n<!-- \/ Yoast SEO plugin. -->","yoast_head_json":{"title":"Obtenga un presupuesto ahora - IbericaInsurance","robots":{"index":"index","follow":"follow","max-snippet":"max-snippet:-1","max-image-preview":"max-image-preview:large","max-video-preview":"max-video-preview:-1"},"canonical":"https:\/\/www.ibericainsurance.com\/es\/solicitar-presupuesto\/","og_locale":"es_ES","og_type":"article","og_title":"Get a Quote Now - IbericaInsurance","og_description":"Get a fast quote now","og_url":"https:\/\/www.ibericainsurance.com\/es\/solicitar-presupuesto\/","og_site_name":"IbericaInsurance","article_modified_time":"2023-05-16T18:35:03+00:00","og_image":[{"width":1920,"height":1080,"url":"https:\/\/www.ibericainsurance.com\/wp-content\/uploads\/quote.jpg","type":"image\/jpeg"}],"twitter_card":"summary_large_image","twitter_misc":{"Tiempo de lectura":"1 minuto"},"schema":{"@context":"https:\/\/schema.org","@graph":[{"@type":"WebPage","@id":"https:\/\/www.ibericainsurance.com\/get-a-quote\/","url":"https:\/\/www.ibericainsurance.com\/get-a-quote\/","name":"Obtenga un presupuesto ahora - IbericaInsurance","isPartOf":{"@id":"https:\/\/www.ibericainsurance.com\/#website"},"primaryImageOfPage":{"@id":"https:\/\/www.ibericainsurance.com\/get-a-quote\/#primaryimage"},"image":{"@id":"https:\/\/www.ibericainsurance.com\/get-a-quote\/#primaryimage"},"thumbnailUrl":"https:\/\/www.ibericainsurance.com\/wp-content\/uploads\/quote.jpg","datePublished":"2021-07-18T01:07:54+00:00","dateModified":"2023-05-16T18:35:03+00:00","breadcrumb":{"@id":"https:\/\/www.ibericainsurance.com\/get-a-quote\/#breadcrumb"},"inLanguage":"es","potentialAction":[{"@type":"ReadAction","target":["https:\/\/www.ibericainsurance.com\/get-a-quote\/"]}]},{"@type":"ImageObject","inLanguage":"es","@id":"https:\/\/www.ibericainsurance.com\/get-a-quote\/#primaryimage","url":"https:\/\/www.ibericainsurance.com\/wp-content\/uploads\/quote.jpg","contentUrl":"https:\/\/www.ibericainsurance.com\/wp-content\/uploads\/quote.jpg","width":1920,"height":1080},{"@type":"BreadcrumbList","@id":"https:\/\/www.ibericainsurance.com\/get-a-quote\/#breadcrumb","itemListElement":[{"@type":"ListItem","position":1,"name":"Home","item":"https:\/\/www.ibericainsurance.com\/"},{"@type":"ListItem","position":2,"name":"Get a Quote Now"}]},{"@type":"WebSite","@id":"https:\/\/www.ibericainsurance.com\/#website","url":"https:\/\/www.ibericainsurance.com\/","name":"Ib\u00e9ricaSeguros","description":"Su seguro en Espa\u00f1a","publisher":{"@id":"https:\/\/www.ibericainsurance.com\/#organization"},"potentialAction":[{"@type":"SearchAction","target":{"@type":"EntryPoint","urlTemplate":"https:\/\/www.ibericainsurance.com\/?s={search_term_string}"},"query-input":{"@type":"PropertyValueSpecification","valueRequired":true,"valueName":"search_term_string"}}],"inLanguage":"es"},{"@type":"Organization","@id":"https:\/\/www.ibericainsurance.com\/#organization","name":"Ib\u00e9ricaSeguros","url":"https:\/\/www.ibericainsurance.com\/","logo":{"@type":"ImageObject","inLanguage":"es","@id":"https:\/\/www.ibericainsurance.com\/#\/schema\/logo\/image\/","url":"https:\/\/www.ibericainsurance.com\/wp-content\/uploads\/ib.png","contentUrl":"https:\/\/www.ibericainsurance.com\/wp-content\/uploads\/ib.png","width":512,"height":512,"caption":"IbericaInsurance"},"image":{"@id":"https:\/\/www.ibericainsurance.com\/#\/schema\/logo\/image\/"}}]}},"_links":{"self":[{"href":"https:\/\/www.ibericainsurance.com\/es\/wp-json\/wp\/v2\/pages\/47","targetHints":{"allow":["GET"]}}],"collection":[{"href":"https:\/\/www.ibericainsurance.com\/es\/wp-json\/wp\/v2\/pages"}],"about":[{"href":"https:\/\/www.ibericainsurance.com\/es\/wp-json\/wp\/v2\/types\/page"}],"author":[{"embeddable":true,"href":"https:\/\/www.ibericainsurance.com\/es\/wp-json\/wp\/v2\/users\/1"}],"replies":[{"embeddable":true,"href":"https:\/\/www.ibericainsurance.com\/es\/wp-json\/wp\/v2\/comments?post=47"}],"version-history":[{"count":2,"href":"https:\/\/www.ibericainsurance.com\/es\/wp-json\/wp\/v2\/pages\/47\/revisions"}],"predecessor-version":[{"id":1621,"href":"https:\/\/www.ibericainsurance.com\/es\/wp-json\/wp\/v2\/pages\/47\/revisions\/1621"}],"wp:featuredmedia":[{"embeddable":true,"href":"https:\/\/www.ibericainsurance.com\/es\/wp-json\/wp\/v2\/media\/1417"}],"wp:attachment":[{"href":"https:\/\/www.ibericainsurance.com\/es\/wp-json\/wp\/v2\/media?parent=47"}],"curies":[{"name":"wp","href":"https:\/\/api.w.org\/{rel}","templated":true}]}}