{"id":1560,"date":"2023-04-07T17:01:21","date_gmt":"2023-04-07T17:01:21","guid":{"rendered":"https:\/\/www.ibericainsurance.com\/?page_id=1560"},"modified":"2023-04-07T17:04:55","modified_gmt":"2023-04-07T17:04:55","slug":"conditions-generales","status":"publish","type":"page","link":"https:\/\/www.ibericainsurance.com\/fr\/terms-and-conditions\/","title":{"rendered":"Conditions g\u00e9n\u00e9rales d'utilisation"},"content":{"rendered":"<p>En acc\u00e9dant \u00e0 ce site web, vous acceptez d'\u00eatre li\u00e9 par les pr\u00e9sentes conditions d'utilisation du site web, par toutes les lois et r\u00e9glementations applicables, et vous acceptez d'\u00eatre responsable du respect de toutes les lois locales applicables.<\/p>\n\n\n\n<p>Si vous n'acceptez pas l'une de ces conditions, il vous est interdit d'utiliser ce site ou d'y acc\u00e9der. Le mat\u00e9riel contenu sur ce site est prot\u00e9g\u00e9 par les lois sur les droits d'auteur et les marques d\u00e9pos\u00e9es.<\/p>\n\n\n\n<h2 class=\"wp-block-heading\">Licence<\/h2>\n\n\n\n<p>Il est permis de t\u00e9l\u00e9charger temporairement une copie du mat\u00e9riel (information ou logiciel) sur le site web d'Ibericainsurance.com pour une visualisation transitoire personnelle et non commerciale uniquement. Il s'agit d'une licence et non d'un transfert de titre, et dans le cadre de cette licence, vous ne pouvez pas :<\/p>\n\n\n\n<h2 class=\"wp-block-heading\">modifier ou copier le mat\u00e9riel ;<\/h2>\n\n\n\n<p>utiliser le mat\u00e9riel \u00e0 des fins commerciales ou pour une pr\u00e9sentation publique (commerciale ou non) ;<\/p>\n\n\n\n<p>tenter de d\u00e9compiler ou d'inverser l'ing\u00e9nierie de tout logiciel contenu sur le site Contenedorespro.com<\/p>\n\n\n\n<p>supprimer toute mention de droit d'auteur ou autre mention de propri\u00e9t\u00e9 du mat\u00e9riel ; ou<\/p>\n\n\n\n<p>de transf\u00e9rer le mat\u00e9riel \u00e0 une autre personne ou de cr\u00e9er un \"miroir\" du mat\u00e9riel sur un autre serveur.<\/p>\n\n\n\n<p>Cette licence sera automatiquement r\u00e9sili\u00e9e si vous violez l'une de ces restrictions et pourra \u00eatre r\u00e9sili\u00e9e par Ibericainsurance.com \u00e0 tout moment. Lorsque vous cessez de consulter ces documents ou lorsque la pr\u00e9sente licence prend fin, vous devez d\u00e9truire tous les documents t\u00e9l\u00e9charg\u00e9s en votre possession, qu'ils soient sous forme \u00e9lectronique ou imprim\u00e9e.<\/p>\n\n\n\n<h2 class=\"wp-block-heading\">Clause de non-responsabilit\u00e9<\/h2>\n\n\n\n<p>Les documents figurant sur le site web d'Ibericainsurance.com sont fournis \"en l'\u00e9tat\". Ibericainsurance.com ne donne aucune garantie, expresse ou implicite, et rejette par la pr\u00e9sente toutes les autres garanties, y compris, mais sans s'y limiter, les garanties ou conditions implicites de qualit\u00e9 marchande, d'ad\u00e9quation \u00e0 un usage particulier ou de non-violation de la propri\u00e9t\u00e9 intellectuelle ou d'autres violations des droits. En outre, Ibericainsurance.com ne garantit pas et ne fait aucune d\u00e9claration concernant l'exactitude, les r\u00e9sultats probables ou la fiabilit\u00e9 de l'utilisation du mat\u00e9riel sur son site Internet ou sur tout autre site li\u00e9 \u00e0 ce site, ou concernant le mat\u00e9riel qui s'y trouve.<\/p>\n\n\n\n<h2 class=\"wp-block-heading\">limitations<\/h2>\n\n\n\n<p>En aucun cas Ibericainsurance.com ou ses fournisseurs ne pourront \u00eatre tenus responsables des dommages (y compris, mais sans s'y limiter, les dommages li\u00e9s \u00e0 la perte de donn\u00e9es ou de b\u00e9n\u00e9fices, ou \u00e0 l'interruption des activit\u00e9s) r\u00e9sultant de l'utilisation ou de l'impossibilit\u00e9 d'utiliser le mat\u00e9riel Internet du site Ibericainsurance.com, m\u00eame si Ibericainsurance.com ou un repr\u00e9sentant autoris\u00e9 d'Ibericainsurance.com a \u00e9t\u00e9 inform\u00e9 oralement ou par \u00e9crit de l'\u00e9ventualit\u00e9 de tels dommages. \u00c9tant donn\u00e9 que certaines juridictions n'autorisent pas la limitation des garanties implicites ou la limitation de la responsabilit\u00e9 pour les dommages cons\u00e9cutifs ou indirects, il se peut que ces limitations ne s'appliquent pas \u00e0 vous.<\/p>\n\n\n\n<h2 class=\"wp-block-heading\">R\u00e9visions et errata<\/h2>\n\n\n\n<p>Les documents figurant sur le site web d'Ibericainsurance.com peuvent contenir des erreurs techniques, typographiques ou photographiques. Ibericainsurance.com ne garantit pas l'exactitude, l'exhaustivit\u00e9 ou l'actualit\u00e9 du contenu de son site web. Ibericainsurance.com peut apporter des modifications au mat\u00e9riel contenu sur son site web \u00e0 tout moment et sans pr\u00e9avis. ibericainsurance.com ne s'engage toutefois pas \u00e0 mettre \u00e0 jour le mat\u00e9riel.<\/p>\n\n\n\n<h2 class=\"wp-block-heading\">liens<\/h2>\n\n\n\n<p>Ibericainsurance.com n'a pas examin\u00e9 tous les sites li\u00e9s \u00e0 son site Internet et n'est pas responsable du contenu de ces sites. L'inclusion d'un lien n'implique pas l'approbation du site par Ibericainsurance.com. L'utilisation de tout site web li\u00e9 se fait aux risques et p\u00e9rils de l'utilisateur.<\/p>\n\n\n\n<h2 class=\"wp-block-heading\">Modifications des conditions d'utilisation du site<\/h2>\n\n\n\n<p>Ibericainsurance.com peut r\u00e9viser les pr\u00e9sentes conditions d'utilisation de son site web \u00e0 tout moment et sans pr\u00e9avis. En utilisant ce site web, vous acceptez d'\u00eatre li\u00e9 par la version actuelle de ces conditions d'utilisation.<\/p>\n\n\n\n<h2 class=\"wp-block-heading\">droit applicable<\/h2>\n\n\n\n<p>Toute r\u00e9clamation relative au site web Ibericainsurance.com est r\u00e9gie par les lois de l'\u00c9tat d'Ibericainsurance.com, sans tenir compte des dispositions relatives aux conflits de lois.<\/p>","protected":false},"excerpt":{"rendered":"<p>En acc\u00e9dant \u00e0 ce site web, vous acceptez d'\u00eatre li\u00e9 par les pr\u00e9sentes conditions d'utilisation du site web, par toutes les lois et r\u00e9glementations applicables, et vous acceptez d'\u00eatre responsable du respect de toutes les lois locales applicables. Si vous n'acceptez pas l'une de ces conditions, il vous est interdit d'utiliser ce site ou d'y acc\u00e9der. Les ... <a title=\"Conditions g\u00e9n\u00e9rales d&#039;utilisation\" class=\"read-more\" href=\"https:\/\/www.ibericainsurance.com\/fr\/terms-and-conditions\/\" aria-label=\"En savoir plus sur Conditions g\u00e9n\u00e9rales\">Lire plus<\/a><\/p>","protected":false},"author":1,"featured_media":0,"parent":0,"menu_order":0,"comment_status":"closed","ping_status":"closed","template":"","meta":{"inline_featured_image":false,"footnotes":""},"class_list":["post-1560","page","type-page","status-publish"],"yoast_head":"<!-- This site is optimized with the Yoast SEO plugin v27.2 - https:\/\/yoast.com\/product\/yoast-seo-wordpress\/ -->\n<title>Terms and Conditions - IbericaInsurance<\/title>\n<meta name=\"robots\" content=\"noindex, nofollow\" \/>\n<meta property=\"og:locale\" content=\"fr_FR\" \/>\n<meta property=\"og:type\" content=\"article\" \/>\n<meta property=\"og:title\" content=\"Terms and Conditions - IbericaInsurance\" \/>\n<meta property=\"og:description\" content=\"By accessing this website, you agree to be bound by these Website Terms and Conditions of Use, all applicable laws and regulations, and agree that you are responsible for compliance with any applicable local laws. If you do not agree to any of these terms, you are prohibited from using or accessing this site. The ... Lire plus\" \/>\n<meta property=\"og:url\" content=\"https:\/\/www.ibericainsurance.com\/fr\/conditions-generales\/\" \/>\n<meta property=\"og:site_name\" content=\"IbericaInsurance\" \/>\n<meta property=\"article:modified_time\" content=\"2023-04-07T17:04:55+00:00\" \/>\n<meta name=\"twitter:card\" content=\"summary_large_image\" \/>\n<meta name=\"twitter:label1\" content=\"Dur\u00e9e de lecture estim\u00e9e\" \/>\n\t<meta name=\"twitter:data1\" content=\"3 minutes\" \/>\n<script type=\"application\/ld+json\" class=\"yoast-schema-graph\">{\"@context\":\"https:\/\/schema.org\",\"@graph\":[{\"@type\":\"WebPage\",\"@id\":\"https:\/\/www.ibericainsurance.com\/terms-and-conditions\/\",\"url\":\"https:\/\/www.ibericainsurance.com\/terms-and-conditions\/\",\"name\":\"Terms and Conditions - IbericaInsurance\",\"isPartOf\":{\"@id\":\"https:\/\/www.ibericainsurance.com\/#website\"},\"datePublished\":\"2023-04-07T17:01:21+00:00\",\"dateModified\":\"2023-04-07T17:04:55+00:00\",\"breadcrumb\":{\"@id\":\"https:\/\/www.ibericainsurance.com\/terms-and-conditions\/#breadcrumb\"},\"inLanguage\":\"fr-FR\",\"potentialAction\":[{\"@type\":\"ReadAction\",\"target\":[\"https:\/\/www.ibericainsurance.com\/terms-and-conditions\/\"]}]},{\"@type\":\"BreadcrumbList\",\"@id\":\"https:\/\/www.ibericainsurance.com\/terms-and-conditions\/#breadcrumb\",\"itemListElement\":[{\"@type\":\"ListItem\",\"position\":1,\"name\":\"Home\",\"item\":\"https:\/\/www.ibericainsurance.com\/\"},{\"@type\":\"ListItem\",\"position\":2,\"name\":\"Terms and Conditions\"}]},{\"@type\":\"WebSite\",\"@id\":\"https:\/\/www.ibericainsurance.com\/#website\",\"url\":\"https:\/\/www.ibericainsurance.com\/\",\"name\":\"IbericaInsurance\",\"description\":\"Your Insurance in Spain\",\"publisher\":{\"@id\":\"https:\/\/www.ibericainsurance.com\/#organization\"},\"potentialAction\":[{\"@type\":\"SearchAction\",\"target\":{\"@type\":\"EntryPoint\",\"urlTemplate\":\"https:\/\/www.ibericainsurance.com\/?s={search_term_string}\"},\"query-input\":{\"@type\":\"PropertyValueSpecification\",\"valueRequired\":true,\"valueName\":\"search_term_string\"}}],\"inLanguage\":\"fr-FR\"},{\"@type\":\"Organization\",\"@id\":\"https:\/\/www.ibericainsurance.com\/#organization\",\"name\":\"IbericaInsurance\",\"url\":\"https:\/\/www.ibericainsurance.com\/\",\"logo\":{\"@type\":\"ImageObject\",\"inLanguage\":\"fr-FR\",\"@id\":\"https:\/\/www.ibericainsurance.com\/#\/schema\/logo\/image\/\",\"url\":\"https:\/\/www.ibericainsurance.com\/wp-content\/uploads\/ib.png\",\"contentUrl\":\"https:\/\/www.ibericainsurance.com\/wp-content\/uploads\/ib.png\",\"width\":512,\"height\":512,\"caption\":\"IbericaInsurance\"},\"image\":{\"@id\":\"https:\/\/www.ibericainsurance.com\/#\/schema\/logo\/image\/\"}}]}<\/script>\n<!-- \/ Yoast SEO plugin. -->","yoast_head_json":{"title":"Conditions g\u00e9n\u00e9rales - IbericaInsurance","robots":{"index":"noindex","follow":"nofollow"},"og_locale":"fr_FR","og_type":"article","og_title":"Terms and Conditions - IbericaInsurance","og_description":"By accessing this website, you agree to be bound by these Website Terms and Conditions of Use, all applicable laws and regulations, and agree that you are responsible for compliance with any applicable local laws. If you do not agree to any of these terms, you are prohibited from using or accessing this site. The ... Lire plus","og_url":"https:\/\/www.ibericainsurance.com\/fr\/conditions-generales\/","og_site_name":"IbericaInsurance","article_modified_time":"2023-04-07T17:04:55+00:00","twitter_card":"summary_large_image","twitter_misc":{"Dur\u00e9e de lecture estim\u00e9e":"3 minutes"},"schema":{"@context":"https:\/\/schema.org","@graph":[{"@type":"WebPage","@id":"https:\/\/www.ibericainsurance.com\/terms-and-conditions\/","url":"https:\/\/www.ibericainsurance.com\/terms-and-conditions\/","name":"Conditions g\u00e9n\u00e9rales - IbericaInsurance","isPartOf":{"@id":"https:\/\/www.ibericainsurance.com\/#website"},"datePublished":"2023-04-07T17:01:21+00:00","dateModified":"2023-04-07T17:04:55+00:00","breadcrumb":{"@id":"https:\/\/www.ibericainsurance.com\/terms-and-conditions\/#breadcrumb"},"inLanguage":"fr-FR","potentialAction":[{"@type":"ReadAction","target":["https:\/\/www.ibericainsurance.com\/terms-and-conditions\/"]}]},{"@type":"BreadcrumbList","@id":"https:\/\/www.ibericainsurance.com\/terms-and-conditions\/#breadcrumb","itemListElement":[{"@type":"ListItem","position":1,"name":"Home","item":"https:\/\/www.ibericainsurance.com\/"},{"@type":"ListItem","position":2,"name":"Terms and Conditions"}]},{"@type":"WebSite","@id":"https:\/\/www.ibericainsurance.com\/#website","url":"https:\/\/www.ibericainsurance.com\/","name":"IbericaInsurance","description":"Votre assurance en Espagne","publisher":{"@id":"https:\/\/www.ibericainsurance.com\/#organization"},"potentialAction":[{"@type":"SearchAction","target":{"@type":"EntryPoint","urlTemplate":"https:\/\/www.ibericainsurance.com\/?s={search_term_string}"},"query-input":{"@type":"PropertyValueSpecification","valueRequired":true,"valueName":"search_term_string"}}],"inLanguage":"fr-FR"},{"@type":"Organization","@id":"https:\/\/www.ibericainsurance.com\/#organization","name":"IbericaInsurance","url":"https:\/\/www.ibericainsurance.com\/","logo":{"@type":"ImageObject","inLanguage":"fr-FR","@id":"https:\/\/www.ibericainsurance.com\/#\/schema\/logo\/image\/","url":"https:\/\/www.ibericainsurance.com\/wp-content\/uploads\/ib.png","contentUrl":"https:\/\/www.ibericainsurance.com\/wp-content\/uploads\/ib.png","width":512,"height":512,"caption":"IbericaInsurance"},"image":{"@id":"https:\/\/www.ibericainsurance.com\/#\/schema\/logo\/image\/"}}]}},"_links":{"self":[{"href":"https:\/\/www.ibericainsurance.com\/fr\/wp-json\/wp\/v2\/pages\/1560","targetHints":{"allow":["GET"]}}],"collection":[{"href":"https:\/\/www.ibericainsurance.com\/fr\/wp-json\/wp\/v2\/pages"}],"about":[{"href":"https:\/\/www.ibericainsurance.com\/fr\/wp-json\/wp\/v2\/types\/page"}],"author":[{"embeddable":true,"href":"https:\/\/www.ibericainsurance.com\/fr\/wp-json\/wp\/v2\/users\/1"}],"replies":[{"embeddable":true,"href":"https:\/\/www.ibericainsurance.com\/fr\/wp-json\/wp\/v2\/comments?post=1560"}],"version-history":[{"count":2,"href":"https:\/\/www.ibericainsurance.com\/fr\/wp-json\/wp\/v2\/pages\/1560\/revisions"}],"predecessor-version":[{"id":1565,"href":"https:\/\/www.ibericainsurance.com\/fr\/wp-json\/wp\/v2\/pages\/1560\/revisions\/1565"}],"wp:attachment":[{"href":"https:\/\/www.ibericainsurance.com\/fr\/wp-json\/wp\/v2\/media?parent=1560"}],"curies":[{"name":"wp","href":"https:\/\/api.w.org\/{rel}","templated":true}]}}