{"id":1562,"date":"2023-04-07T17:02:12","date_gmt":"2023-04-07T17:02:12","guid":{"rendered":"https:\/\/www.ibericainsurance.com\/?page_id=1562"},"modified":"2023-04-07T17:06:18","modified_gmt":"2023-04-07T17:06:18","slug":"politique-en-matiere-de-protection-de-la-vie-privee-et-de-cookies","status":"publish","type":"page","link":"https:\/\/www.ibericainsurance.com\/fr\/privacy-and-cookie-policy\/","title":{"rendered":"Politique en mati\u00e8re de confidentialit\u00e9 et de cookies"},"content":{"rendered":"<p>Politique en mati\u00e8re de confidentialit\u00e9 et de cookies<\/p>\n\n\n\n<p>Comme beaucoup d'autres sites web, il utilise des fichiers journaux. Ces fichiers enregistrent simplement les visiteurs du site, ce qui est g\u00e9n\u00e9ralement une proc\u00e9dure standard pour les soci\u00e9t\u00e9s d'h\u00e9bergement et une partie de l'analyse des services d'h\u00e9bergement. Les informations contenues dans les fichiers journaux comprennent les adresses IP (Internet Protocol), le type de navigateur, le fournisseur d'acc\u00e8s \u00e0 Internet (FAI), la date et l'heure, les pages de renvoi et de sortie et, \u00e9ventuellement, le nombre de clics. Ces informations sont utilis\u00e9es pour analyser les tendances, administrer le site, suivre les mouvements des utilisateurs sur le site et recueillir des informations d\u00e9mographiques. Les adresses IP et autres informations similaires ne sont pas li\u00e9es \u00e0 des informations personnellement identifiables.<\/p>\n\n\n\n<p>Cookies et balises web<br>Nous utilisons des cookies pour stocker des informations sur les pr\u00e9f\u00e9rences des visiteurs, pour enregistrer des informations sp\u00e9cifiques \u00e0 l'utilisateur sur les pages auxquelles le visiteur du site acc\u00e8de ou qu'il visite, et pour personnaliser le contenu de nos pages web en fonction du type de navigateur du visiteur ou d'autres informations que le visiteur envoie par l'interm\u00e9diaire de son navigateur.<\/p>\n\n\n\n<p>DoubleClick DART cookie<br>\u2192 Google, en tant que fournisseur tiers, utilise des cookies pour diffuser des annonces.<br>\u2192 L'utilisation par Google du cookie DART lui permet de diffuser des annonces aux visiteurs de notre site en fonction de leur visite et d'autres sites sur Internet.<br>\u2192 Les utilisateurs peuvent d\u00e9sactiver l'utilisation du cookie DART en consultant les r\u00e8gles de confidentialit\u00e9 du r\u00e9seau d'annonces et de contenu de Google \u00e0 l'adresse suivante : http:\/\/www.google.com\/privacy_ads.html<\/p>\n\n\n\n<p>Nos partenaires publicitaires<br>Certains de nos partenaires publicitaires peuvent utiliser des cookies et des balises web sur notre site. Nos partenaires publicitaires sont notamment .......<br>Google<br>Amazon<br>Bien que chacun de ces partenaires publicitaires dispose de sa propre politique de confidentialit\u00e9 pour son site, une ressource actualis\u00e9e et accessible par hyperlien est maintenue ici : Politiques de confidentialit\u00e9.<br>Vous pouvez vous r\u00e9f\u00e9rer \u00e0 cette liste pour trouver la politique de confidentialit\u00e9 de chacun des partenaires publicitaires de ce site web.<\/p>\n\n\n\n<p>Ces serveurs ou r\u00e9seaux publicitaires tiers utilisent la technologie dans leurs publicit\u00e9s et liens respectifs qui apparaissent sur ce site web et sont transmis directement \u00e0 votre navigateur. Ils re\u00e7oivent automatiquement votre adresse IP lorsque cela se produit. Les r\u00e9seaux publicitaires tiers pr\u00e9sents sur notre site peuvent \u00e9galement utiliser d'autres technologies (telles que les cookies, JavaScript ou les balises web) pour mesurer l'efficacit\u00e9 de leurs campagnes publicitaires et\/ou pour personnaliser le contenu publicitaire que vous voyez sur le site.<\/p>\n\n\n\n<p>Nous n'avons pas acc\u00e8s \u00e0 ces cookies utilis\u00e9s par des annonceurs tiers et nous ne les contr\u00f4lons pas.<\/p>\n\n\n\n<p>Politiques de confidentialit\u00e9 des tiers<br>Vous devez consulter les politiques de confidentialit\u00e9 respectives de ces serveurs publicitaires tiers pour obtenir des informations plus d\u00e9taill\u00e9es sur leurs pratiques, ainsi que des instructions sur la mani\u00e8re de refuser certaines pratiques.<\/p>\n\n\n\n<p>La politique de confidentialit\u00e9 ne s'applique pas \u00e0 d'autres annonceurs ou sites web et nous ne pouvons pas contr\u00f4ler leurs activit\u00e9s. Vous trouverez une liste compl\u00e8te de ces politiques de confidentialit\u00e9 et de leurs liens ici : Liens vers les politiques de protection de la vie priv\u00e9e.<\/p>\n\n\n\n<p>Si vous souhaitez d\u00e9sactiver les cookies, vous pouvez le faire en utilisant les options de votre navigateur. Des informations plus d\u00e9taill\u00e9es sur la gestion des cookies avec des navigateurs web sp\u00e9cifiques peuvent \u00eatre trouv\u00e9es sur les sites web respectifs des navigateurs. Qu'est-ce qu'un cookie ?<\/p>\n\n\n\n<p>informations sur l'enfant<br>Nous pensons qu'il est important de fournir une protection suppl\u00e9mentaire aux enfants en ligne. Nous encourageons les parents et les tuteurs \u00e0 passer du temps en ligne avec leurs enfants pour observer leurs activit\u00e9s en ligne, y participer et\/ou les surveiller et les guider.<\/p>\n\n\n\n<p>Nous ne recueillons pas sciemment d'informations personnellement identifiables aupr\u00e8s d'enfants de moins de 13 ans. Si un parent ou un tuteur pense avoir dans sa base de donn\u00e9es les informations personnellement identifiables d'un enfant de moins de 13 ans, veuillez nous contacter imm\u00e9diatement (en utilisant le contact indiqu\u00e9 dans le premier paragraphe) et nous ferons tout notre possible pour supprimer rapidement ces informations de nos dossiers.<\/p>\n\n\n\n<p>Politique de confidentialit\u00e9 en ligne uniquement<br>Cette politique de confidentialit\u00e9 ne s'applique qu'\u00e0 nos activit\u00e9s en ligne et est valable pour les visiteurs de notre site web et en ce qui concerne les informations qui y sont partag\u00e9es et\/ou collect\u00e9es. Cette politique ne s'applique pas aux informations collect\u00e9es hors ligne ou par d'autres canaux que ce site web.<\/p>\n\n\n\n<p>Consentement<br>En utilisant notre site web, vous acceptez notre politique de confidentialit\u00e9 et en acceptez les termes.<\/p>","protected":false},"excerpt":{"rendered":"<p>Politique en mati\u00e8re de confidentialit\u00e9 et de cookies Comme beaucoup d'autres sites web, celui-ci utilise des fichiers journaux. Ces fichiers enregistrent simplement les visiteurs du site, ce qui est g\u00e9n\u00e9ralement une proc\u00e9dure standard pour les soci\u00e9t\u00e9s d'h\u00e9bergement et une partie de l'analyse des services d'h\u00e9bergement. Les informations contenues dans les fichiers journaux comprennent les adresses IP (Internet Protocol), le type de navigateur, le fournisseur d'acc\u00e8s \u00e0 Internet (FAI), l'horodatage, ... <a title=\"Politique en mati\u00e8re de confidentialit\u00e9 et de cookies\" class=\"read-more\" href=\"https:\/\/www.ibericainsurance.com\/fr\/privacy-and-cookie-policy\/\" aria-label=\"En savoir plus sur Politique en mati\u00e8re de confidentialit\u00e9 et de cookies\">Lire plus<\/a><\/p>","protected":false},"author":1,"featured_media":0,"parent":0,"menu_order":0,"comment_status":"closed","ping_status":"closed","template":"","meta":{"inline_featured_image":false,"footnotes":""},"class_list":["post-1562","page","type-page","status-publish"],"yoast_head":"<!-- This site is optimized with the Yoast SEO plugin v27.2 - https:\/\/yoast.com\/product\/yoast-seo-wordpress\/ -->\n<title>Privacy and cookie policy - IbericaInsurance<\/title>\n<meta name=\"robots\" content=\"noindex, nofollow\" \/>\n<meta property=\"og:locale\" content=\"fr_FR\" \/>\n<meta property=\"og:type\" content=\"article\" \/>\n<meta property=\"og:title\" content=\"Privacy and cookie policy - IbericaInsurance\" \/>\n<meta property=\"og:description\" content=\"Privacy and cookie policy Like many other websites, it makes use of log files. These files simply log visitors to the site, usually a standard procedure for hosting companies and a part of hosting services&#8217; analytics. The information within the log files includes Internet Protocol (IP) addresses, browser type, Internet Service Provider (ISP), date\/time stamp, ... Lire plus\" \/>\n<meta property=\"og:url\" content=\"https:\/\/www.ibericainsurance.com\/fr\/politique-en-matiere-de-protection-de-la-vie-privee-et-de-cookies\/\" \/>\n<meta property=\"og:site_name\" content=\"IbericaInsurance\" \/>\n<meta property=\"article:modified_time\" content=\"2023-04-07T17:06:18+00:00\" \/>\n<meta name=\"twitter:card\" content=\"summary_large_image\" \/>\n<meta name=\"twitter:label1\" content=\"Dur\u00e9e de lecture estim\u00e9e\" \/>\n\t<meta name=\"twitter:data1\" content=\"3 minutes\" \/>\n<script type=\"application\/ld+json\" class=\"yoast-schema-graph\">{\"@context\":\"https:\/\/schema.org\",\"@graph\":[{\"@type\":\"WebPage\",\"@id\":\"https:\/\/www.ibericainsurance.com\/privacy-and-cookie-policy\/\",\"url\":\"https:\/\/www.ibericainsurance.com\/privacy-and-cookie-policy\/\",\"name\":\"Privacy and cookie policy - IbericaInsurance\",\"isPartOf\":{\"@id\":\"https:\/\/www.ibericainsurance.com\/#website\"},\"datePublished\":\"2023-04-07T17:02:12+00:00\",\"dateModified\":\"2023-04-07T17:06:18+00:00\",\"breadcrumb\":{\"@id\":\"https:\/\/www.ibericainsurance.com\/privacy-and-cookie-policy\/#breadcrumb\"},\"inLanguage\":\"fr-FR\",\"potentialAction\":[{\"@type\":\"ReadAction\",\"target\":[\"https:\/\/www.ibericainsurance.com\/privacy-and-cookie-policy\/\"]}]},{\"@type\":\"BreadcrumbList\",\"@id\":\"https:\/\/www.ibericainsurance.com\/privacy-and-cookie-policy\/#breadcrumb\",\"itemListElement\":[{\"@type\":\"ListItem\",\"position\":1,\"name\":\"Home\",\"item\":\"https:\/\/www.ibericainsurance.com\/\"},{\"@type\":\"ListItem\",\"position\":2,\"name\":\"Privacy and cookie policy\"}]},{\"@type\":\"WebSite\",\"@id\":\"https:\/\/www.ibericainsurance.com\/#website\",\"url\":\"https:\/\/www.ibericainsurance.com\/\",\"name\":\"IbericaInsurance\",\"description\":\"Your Insurance in Spain\",\"publisher\":{\"@id\":\"https:\/\/www.ibericainsurance.com\/#organization\"},\"potentialAction\":[{\"@type\":\"SearchAction\",\"target\":{\"@type\":\"EntryPoint\",\"urlTemplate\":\"https:\/\/www.ibericainsurance.com\/?s={search_term_string}\"},\"query-input\":{\"@type\":\"PropertyValueSpecification\",\"valueRequired\":true,\"valueName\":\"search_term_string\"}}],\"inLanguage\":\"fr-FR\"},{\"@type\":\"Organization\",\"@id\":\"https:\/\/www.ibericainsurance.com\/#organization\",\"name\":\"IbericaInsurance\",\"url\":\"https:\/\/www.ibericainsurance.com\/\",\"logo\":{\"@type\":\"ImageObject\",\"inLanguage\":\"fr-FR\",\"@id\":\"https:\/\/www.ibericainsurance.com\/#\/schema\/logo\/image\/\",\"url\":\"https:\/\/www.ibericainsurance.com\/wp-content\/uploads\/ib.png\",\"contentUrl\":\"https:\/\/www.ibericainsurance.com\/wp-content\/uploads\/ib.png\",\"width\":512,\"height\":512,\"caption\":\"IbericaInsurance\"},\"image\":{\"@id\":\"https:\/\/www.ibericainsurance.com\/#\/schema\/logo\/image\/\"}}]}<\/script>\n<!-- \/ Yoast SEO plugin. -->","yoast_head_json":{"title":"Politique en mati\u00e8re de confidentialit\u00e9 et de cookies - IbericaInsurance","robots":{"index":"noindex","follow":"nofollow"},"og_locale":"fr_FR","og_type":"article","og_title":"Privacy and cookie policy - IbericaInsurance","og_description":"Privacy and cookie policy Like many other websites, it makes use of log files. These files simply log visitors to the site, usually a standard procedure for hosting companies and a part of hosting services&#8217; analytics. The information within the log files includes Internet Protocol (IP) addresses, browser type, Internet Service Provider (ISP), date\/time stamp, ... Lire plus","og_url":"https:\/\/www.ibericainsurance.com\/fr\/politique-en-matiere-de-protection-de-la-vie-privee-et-de-cookies\/","og_site_name":"IbericaInsurance","article_modified_time":"2023-04-07T17:06:18+00:00","twitter_card":"summary_large_image","twitter_misc":{"Dur\u00e9e de lecture estim\u00e9e":"3 minutes"},"schema":{"@context":"https:\/\/schema.org","@graph":[{"@type":"WebPage","@id":"https:\/\/www.ibericainsurance.com\/privacy-and-cookie-policy\/","url":"https:\/\/www.ibericainsurance.com\/privacy-and-cookie-policy\/","name":"Politique en mati\u00e8re de confidentialit\u00e9 et de cookies - IbericaInsurance","isPartOf":{"@id":"https:\/\/www.ibericainsurance.com\/#website"},"datePublished":"2023-04-07T17:02:12+00:00","dateModified":"2023-04-07T17:06:18+00:00","breadcrumb":{"@id":"https:\/\/www.ibericainsurance.com\/privacy-and-cookie-policy\/#breadcrumb"},"inLanguage":"fr-FR","potentialAction":[{"@type":"ReadAction","target":["https:\/\/www.ibericainsurance.com\/privacy-and-cookie-policy\/"]}]},{"@type":"BreadcrumbList","@id":"https:\/\/www.ibericainsurance.com\/privacy-and-cookie-policy\/#breadcrumb","itemListElement":[{"@type":"ListItem","position":1,"name":"Home","item":"https:\/\/www.ibericainsurance.com\/"},{"@type":"ListItem","position":2,"name":"Privacy and cookie policy"}]},{"@type":"WebSite","@id":"https:\/\/www.ibericainsurance.com\/#website","url":"https:\/\/www.ibericainsurance.com\/","name":"IbericaInsurance","description":"Votre assurance en Espagne","publisher":{"@id":"https:\/\/www.ibericainsurance.com\/#organization"},"potentialAction":[{"@type":"SearchAction","target":{"@type":"EntryPoint","urlTemplate":"https:\/\/www.ibericainsurance.com\/?s={search_term_string}"},"query-input":{"@type":"PropertyValueSpecification","valueRequired":true,"valueName":"search_term_string"}}],"inLanguage":"fr-FR"},{"@type":"Organization","@id":"https:\/\/www.ibericainsurance.com\/#organization","name":"IbericaInsurance","url":"https:\/\/www.ibericainsurance.com\/","logo":{"@type":"ImageObject","inLanguage":"fr-FR","@id":"https:\/\/www.ibericainsurance.com\/#\/schema\/logo\/image\/","url":"https:\/\/www.ibericainsurance.com\/wp-content\/uploads\/ib.png","contentUrl":"https:\/\/www.ibericainsurance.com\/wp-content\/uploads\/ib.png","width":512,"height":512,"caption":"IbericaInsurance"},"image":{"@id":"https:\/\/www.ibericainsurance.com\/#\/schema\/logo\/image\/"}}]}},"_links":{"self":[{"href":"https:\/\/www.ibericainsurance.com\/fr\/wp-json\/wp\/v2\/pages\/1562","targetHints":{"allow":["GET"]}}],"collection":[{"href":"https:\/\/www.ibericainsurance.com\/fr\/wp-json\/wp\/v2\/pages"}],"about":[{"href":"https:\/\/www.ibericainsurance.com\/fr\/wp-json\/wp\/v2\/types\/page"}],"author":[{"embeddable":true,"href":"https:\/\/www.ibericainsurance.com\/fr\/wp-json\/wp\/v2\/users\/1"}],"replies":[{"embeddable":true,"href":"https:\/\/www.ibericainsurance.com\/fr\/wp-json\/wp\/v2\/comments?post=1562"}],"version-history":[{"count":2,"href":"https:\/\/www.ibericainsurance.com\/fr\/wp-json\/wp\/v2\/pages\/1562\/revisions"}],"predecessor-version":[{"id":1566,"href":"https:\/\/www.ibericainsurance.com\/fr\/wp-json\/wp\/v2\/pages\/1562\/revisions\/1566"}],"wp:attachment":[{"href":"https:\/\/www.ibericainsurance.com\/fr\/wp-json\/wp\/v2\/media?parent=1562"}],"curies":[{"name":"wp","href":"https:\/\/api.w.org\/{rel}","templated":true}]}}